{"id":13,"date":"2022-05-20T03:02:01","date_gmt":"2022-05-20T03:02:01","guid":{"rendered":"https:\/\/mopek.nietoperze.pl\/?page_id=13"},"modified":"2023-07-11T14:53:34","modified_gmt":"2023-07-11T14:53:34","slug":"strona-glowna","status":"publish","type":"page","link":"https:\/\/mopek.nietoperze.pl\/","title":{"rendered":"Projekt: Czynna ochrona mopka zachodniego na wybranych obszarach le\u015bnych w Polsce"},"content":{"rendered":"\n<p style=\"line-height:1.5\">Og\u00f3lnopolskie Towarzystwo Ochrony Nietoperzy realizuje projekt<strong> &#8222;Czynna ochrona mopka zachodniego na wybranych obszarach le\u015bnych w Polsce&#8221;<\/strong> dofinansowany ze \u015brodk\u00f3w <strong>Mechanizmu Finansowego EOG 2014-2021<\/strong><\/p>\n\n\n\n<p>Na stronie projektu dowiesz si\u0119 tu nie tylko o samym <a href=\"https:\/\/mopek.nietoperze.pl\/index.php\/o-projekcie\/\" data-type=\"URL\" data-id=\"https:\/\/mopek.nietoperze.pl\/index.php\/o-projekcie\/\">projekcie<\/a>, dzia\u0142aniach jakie w jego ramach podejmujemy, ale r\u00f3wnie\u017c znajdziesz istotne informacje o naszym niezwykle uroczym i tajemniczym bohaterze &#8211; <strong>mopku zachodnim<\/strong>. <\/p>\n\n\n\n<figure class=\"wp-block-gallery has-nested-images columns-default is-cropped wp-block-gallery-1 is-layout-flex wp-block-gallery-is-layout-flex\">\n<figure class=\"wp-block-image size-large\"><img loading=\"lazy\" decoding=\"async\" width=\"1024\" height=\"429\" data-id=\"172\" src=\"http:\/\/mopek.nietoperze.pl\/wp-content\/uploads\/2022\/06\/20220601_130243-1024x429.jpg\" alt=\"\" class=\"wp-image-172\" srcset=\"https:\/\/mopek.nietoperze.pl\/wp-content\/uploads\/2022\/06\/20220601_130243-1024x429.jpg 1024w, https:\/\/mopek.nietoperze.pl\/wp-content\/uploads\/2022\/06\/20220601_130243-300x126.jpg 300w, https:\/\/mopek.nietoperze.pl\/wp-content\/uploads\/2022\/06\/20220601_130243-768x322.jpg 768w, https:\/\/mopek.nietoperze.pl\/wp-content\/uploads\/2022\/06\/20220601_130243-1536x644.jpg 1536w, https:\/\/mopek.nietoperze.pl\/wp-content\/uploads\/2022\/06\/20220601_130243-2048x859.jpg 2048w\" sizes=\"(max-width: 767px) 89vw, (max-width: 1000px) 54vw, (max-width: 1071px) 543px, 580px\" \/><\/figure>\n\n\n\n<figure class=\"wp-block-image size-large\"><img loading=\"lazy\" decoding=\"async\" width=\"683\" height=\"1024\" data-id=\"48\" src=\"http:\/\/mopek.nietoperze.pl\/wp-content\/uploads\/2022\/05\/Bbar_15-683x1024.jpg\" alt=\"\" class=\"wp-image-48\" srcset=\"https:\/\/mopek.nietoperze.pl\/wp-content\/uploads\/2022\/05\/Bbar_15-683x1024.jpg 683w, https:\/\/mopek.nietoperze.pl\/wp-content\/uploads\/2022\/05\/Bbar_15-200x300.jpg 200w, https:\/\/mopek.nietoperze.pl\/wp-content\/uploads\/2022\/05\/Bbar_15-768x1152.jpg 768w, https:\/\/mopek.nietoperze.pl\/wp-content\/uploads\/2022\/05\/Bbar_15-1024x1536.jpg 1024w, https:\/\/mopek.nietoperze.pl\/wp-content\/uploads\/2022\/05\/Bbar_15-1365x2048.jpg 1365w, https:\/\/mopek.nietoperze.pl\/wp-content\/uploads\/2022\/05\/Bbar_15-scaled.jpg 1706w\" sizes=\"(max-width: 683px) 100vw, 683px\" \/><\/figure>\n\n\n\n<figure class=\"wp-block-image size-full\"><img loading=\"lazy\" decoding=\"async\" width=\"480\" height=\"640\" data-id=\"189\" src=\"http:\/\/mopek.nietoperze.pl\/wp-content\/uploads\/2022\/06\/image000000005.jpg\" alt=\"\" class=\"wp-image-189\" srcset=\"https:\/\/mopek.nietoperze.pl\/wp-content\/uploads\/2022\/06\/image000000005.jpg 480w, https:\/\/mopek.nietoperze.pl\/wp-content\/uploads\/2022\/06\/image000000005-225x300.jpg 225w\" sizes=\"(max-width: 480px) 100vw, 480px\" \/><\/figure>\n\n\n\n<figure class=\"wp-block-image size-large\"><img loading=\"lazy\" decoding=\"async\" width=\"1024\" height=\"682\" data-id=\"41\" src=\"http:\/\/mopek.nietoperze.pl\/wp-content\/uploads\/2022\/05\/Bbar_11-scaled-e1653019015377-1024x682.jpg\" alt=\"\" class=\"wp-image-41\" srcset=\"https:\/\/mopek.nietoperze.pl\/wp-content\/uploads\/2022\/05\/Bbar_11-scaled-e1653019015377-1024x682.jpg 1024w, https:\/\/mopek.nietoperze.pl\/wp-content\/uploads\/2022\/05\/Bbar_11-scaled-e1653019015377-300x200.jpg 300w, https:\/\/mopek.nietoperze.pl\/wp-content\/uploads\/2022\/05\/Bbar_11-scaled-e1653019015377-768x512.jpg 768w, https:\/\/mopek.nietoperze.pl\/wp-content\/uploads\/2022\/05\/Bbar_11-scaled-e1653019015377-1536x1024.jpg 1536w, https:\/\/mopek.nietoperze.pl\/wp-content\/uploads\/2022\/05\/Bbar_11-scaled-e1653019015377-2048x1365.jpg 2048w\" sizes=\"(max-width: 767px) 89vw, (max-width: 1000px) 54vw, (max-width: 1071px) 543px, 580px\" \/><\/figure>\n\n\n\n<figure class=\"wp-block-image size-large\"><img loading=\"lazy\" decoding=\"async\" width=\"1024\" height=\"683\" data-id=\"19\" src=\"http:\/\/mopek.nietoperze.pl\/wp-content\/uploads\/2022\/05\/Bbar_13-1024x683.jpg\" alt=\"\" class=\"wp-image-19\" srcset=\"https:\/\/mopek.nietoperze.pl\/wp-content\/uploads\/2022\/05\/Bbar_13-1024x683.jpg 1024w, https:\/\/mopek.nietoperze.pl\/wp-content\/uploads\/2022\/05\/Bbar_13-300x200.jpg 300w, https:\/\/mopek.nietoperze.pl\/wp-content\/uploads\/2022\/05\/Bbar_13-768x512.jpg 768w, https:\/\/mopek.nietoperze.pl\/wp-content\/uploads\/2022\/05\/Bbar_13-1536x1024.jpg 1536w, https:\/\/mopek.nietoperze.pl\/wp-content\/uploads\/2022\/05\/Bbar_13-2048x1365.jpg 2048w\" sizes=\"(max-width: 767px) 89vw, (max-width: 1000px) 54vw, (max-width: 1071px) 543px, 580px\" \/><\/figure>\n<figcaption class=\"blocks-gallery-caption wp-element-caption\">Fot. B\u0142a\u017cej Wojtowicz \u00a9<\/figcaption><\/figure>\n","protected":false},"excerpt":{"rendered":"<p>Og\u00f3lnopolskie Towarzystwo Ochrony Nietoperzy realizuje projekt &#8222;Czynna ochrona mopka zachodniego na wybranych obszarach le\u015bnych w Polsce&#8221; dofinansowany ze \u015brodk\u00f3w Mechanizmu Finansowego EOG 2014-2021 Na stronie projektu dowiesz si\u0119 tu nie tylko o samym projekcie, dzia\u0142aniach jakie w jego ramach podejmujemy, ale r\u00f3wnie\u017c znajdziesz istotne informacje o naszym niezwykle uroczym i tajemniczym bohaterze &#8211; mopku zachodnim.<\/p>\n","protected":false},"author":1,"featured_media":0,"parent":0,"menu_order":0,"comment_status":"closed","ping_status":"closed","template":"","meta":{"footnotes":""},"_links":{"self":[{"href":"https:\/\/mopek.nietoperze.pl\/index.php\/wp-json\/wp\/v2\/pages\/13"}],"collection":[{"href":"https:\/\/mopek.nietoperze.pl\/index.php\/wp-json\/wp\/v2\/pages"}],"about":[{"href":"https:\/\/mopek.nietoperze.pl\/index.php\/wp-json\/wp\/v2\/types\/page"}],"author":[{"embeddable":true,"href":"https:\/\/mopek.nietoperze.pl\/index.php\/wp-json\/wp\/v2\/users\/1"}],"replies":[{"embeddable":true,"href":"https:\/\/mopek.nietoperze.pl\/index.php\/wp-json\/wp\/v2\/comments?post=13"}],"version-history":[{"count":15,"href":"https:\/\/mopek.nietoperze.pl\/index.php\/wp-json\/wp\/v2\/pages\/13\/revisions"}],"predecessor-version":[{"id":305,"href":"https:\/\/mopek.nietoperze.pl\/index.php\/wp-json\/wp\/v2\/pages\/13\/revisions\/305"}],"wp:attachment":[{"href":"https:\/\/mopek.nietoperze.pl\/index.php\/wp-json\/wp\/v2\/media?parent=13"}],"curies":[{"name":"wp","href":"https:\/\/api.w.org\/{rel}","templated":true}]}}