{"id":14,"date":"2022-05-20T03:02:01","date_gmt":"2022-05-20T03:02:01","guid":{"rendered":"https:\/\/mopek.nietoperze.pl\/?page_id=14"},"modified":"2023-07-11T22:45:21","modified_gmt":"2023-07-11T22:45:21","slug":"mopek-zachodni","status":"publish","type":"page","link":"https:\/\/mopek.nietoperze.pl\/index.php\/mopek-zachodni\/","title":{"rendered":"Mopek zachodni"},"content":{"rendered":"\n<p><strong><a href=\"https:\/\/mopek.nietoperze.pl\/index.php\/informacje\/sample-page\/\" data-type=\"URL\" data-id=\"https:\/\/mopek.nietoperze.pl\/index.php\/informacje\/sample-page\/\">Jak wygl\u0105da?<\/a><\/strong><\/p>\n\n\n\n<p><strong><a href=\"https:\/\/mopek.nietoperze.pl\/index.php\/informacje\/gdzie-mieszka\/\" data-type=\"URL\" data-id=\"https:\/\/mopek.nietoperze.pl\/index.php\/informacje\/gdzie-mieszka\/\">Gdzie mieszka?<\/a><\/strong><\/p>\n\n\n\n<p><strong><a href=\"https:\/\/mopek.nietoperze.pl\/index.php\/informacje\/co-zjada\/\" data-type=\"URL\" data-id=\"https:\/\/mopek.nietoperze.pl\/index.php\/informacje\/co-zjada\/\">Co zjada?<\/a><\/strong><\/p>\n\n\n\n<p><strong><a href=\"https:\/\/mopek.nietoperze.pl\/index.php\/informacje\/gdzie-zimuje\/\" data-type=\"URL\" data-id=\"https:\/\/mopek.nietoperze.pl\/index.php\/informacje\/gdzie-zimuje\/\">Gdzie zimuje?<\/a><\/strong><\/p>\n\n\n\n<p>Mopek zachodni jest le\u015bnym nietoperzem wyst\u0119puj\u0105cym w ca\u0142ej Polsce. Obj\u0119ty jest \u015bcis\u0142\u0105 ochron\u0105 gatunkow\u0105 i wymaga ochrony czynnej. Podlega zapisom Konwencji Berne\u0144skiej, Konwencji Bo\u0144skiej oraz Porozumienia o ochronie populacji europejskich nietoperzy (EUROBATS). Na mocy dyrektywy siedliskowej jest gatunkiem wska\u017anikowym w procesie wyznaczania obszar\u00f3w Natura 2000. Znajduje si\u0119 na Czerwonej li\u015bcie zwierz\u0105t gin\u0105cych i zagro\u017conych w Polsce z kategori\u0105 DD (o statusie s\u0142abo rozpoznanym) oraz na Czerwonej li\u015bcie IUCN jako gatunek potencjalnie zagro\u017cony wymarciem (VU).&nbsp;<\/p>\n\n\n\n<figure class=\"wp-block-image\"><img loading=\"lazy\" decoding=\"async\" width=\"1024\" height=\"683\" src=\"http:\/\/mopek.nietoperze.pl\/wp-content\/uploads\/2022\/05\/Bbar_1a-1-1024x683.jpg\" alt=\"\" class=\"wp-image-116\" srcset=\"https:\/\/mopek.nietoperze.pl\/wp-content\/uploads\/2022\/05\/Bbar_1a-1-1024x683.jpg 1024w, https:\/\/mopek.nietoperze.pl\/wp-content\/uploads\/2022\/05\/Bbar_1a-1-300x200.jpg 300w, https:\/\/mopek.nietoperze.pl\/wp-content\/uploads\/2022\/05\/Bbar_1a-1-768x512.jpg 768w, https:\/\/mopek.nietoperze.pl\/wp-content\/uploads\/2022\/05\/Bbar_1a-1-1536x1025.jpg 1536w, https:\/\/mopek.nietoperze.pl\/wp-content\/uploads\/2022\/05\/Bbar_1a-1.jpg 2000w\" sizes=\"(max-width: 767px) 89vw, (max-width: 1000px) 54vw, (max-width: 1071px) 543px, 580px\" \/><\/figure>\n\n\n\n<p>Mopek jest gatunkiem trudno policzalnym o rozproszonym wyst\u0119powaniu, co uniemo\u017cliwia rozpoznanie stanu jego populacji i planowanie skutecznej ochrony. Jego ochrona wymaga podj\u0119cia szeroko zakrojonych dzia\u0142a\u0144 na rozleg\u0142ym obszarze, najlepiej w lasach ca\u0142ej Polski. Wnioskowany projekt b\u0119dzie realizowany na wybranych 12 obszarach le\u015bnych po\u0142o\u017conych w r\u00f3\u017cnych regionach kraju. Dla ka\u017cdego z tych obszar\u00f3w planowane jest zbudowanie i rozwieszenie po 100 specjalnie skonstruowanych budek szczelinowych, kt\u00f3re stanowi\u0105 letnie schronienia zast\u0119pcze dla mopk\u00f3w. Prowadzony b\u0119dzie r\u00f3wnie\u017c monitoring zasiedlenia tych budek przez nietoperze oraz detektorowy monitoring aktywno\u015bci mopk\u00f3w. B\u0119dzie to nowatorski spos\u00f3b pr\u00f3bkowania<\/p>\n\n\n\n<figure class=\"wp-block-image\"><img loading=\"lazy\" decoding=\"async\" width=\"1024\" height=\"724\" src=\"https:\/\/mopek.nietoperze.pl\/wp-content\/uploads\/2023\/04\/mopki1-1024x724.png\" alt=\"\" class=\"wp-image-244\" srcset=\"https:\/\/mopek.nietoperze.pl\/wp-content\/uploads\/2023\/04\/mopki1-1024x724.png 1024w, https:\/\/mopek.nietoperze.pl\/wp-content\/uploads\/2023\/04\/mopki1-300x212.png 300w, https:\/\/mopek.nietoperze.pl\/wp-content\/uploads\/2023\/04\/mopki1-768x543.png 768w, https:\/\/mopek.nietoperze.pl\/wp-content\/uploads\/2023\/04\/mopki1-1536x1086.png 1536w, https:\/\/mopek.nietoperze.pl\/wp-content\/uploads\/2023\/04\/mopki1-2048x1448.png 2048w\" sizes=\"(max-width: 767px) 89vw, (max-width: 1000px) 54vw, (max-width: 1071px) 543px, 580px\" \/><figcaption class=\"wp-element-caption\"><strong>Mapa z obszarami Natura 2000 gdzie mopek zachodni jest celem ochrony (numery zgodne z tabel\u0105 poni\u017cej)<\/strong><\/figcaption><\/figure>\n\n\n\n<p><strong>Specjalne obszary ochrony siedlisk (SOO), wyznaczone na podstawie Dyrektywy Siedliskowej w ramach sieci obszar\u00f3w Natura 2000, w kt\u00f3rych mopek zachodni&nbsp;<em>Barbastella barbastellus<\/em>&nbsp;jest przedmiotem ochrony.&nbsp;<\/strong><\/p>\n\n\n\n<figure class=\"wp-block-table\"><table><tbody><tr><td>Lp.&nbsp;<\/td><td>Nazwa obszaru&nbsp;<\/td><td>Kod obszaru&nbsp;<\/td><td>Powierzchnia (ha)&nbsp;<\/td><td>Ocena populacji&nbsp;<\/td><\/tr><tr><td>1&nbsp;<\/td><td>Beskid \u015al\u0105ski&nbsp;<\/td><td>PLH240005&nbsp;<\/td><td>26 405&nbsp;<\/td><td>C&nbsp;<\/td><\/tr><tr><td>2&nbsp;<\/td><td>Bieszczady&nbsp;<\/td><td>PLC180001&nbsp;<\/td><td>111 519&nbsp;<\/td><td>C&nbsp;<\/td><\/tr><tr><td>3&nbsp;<\/td><td>Bory Niemodli\u0144skie&nbsp;<\/td><td>PLH160005&nbsp;<\/td><td>4 889&nbsp;<\/td><td>C&nbsp;<\/td><\/tr><tr><td>4&nbsp;<\/td><td>Ch\u0142odnia w Cieszkowie&nbsp;<\/td><td>PLH020001&nbsp;<\/td><td>19&nbsp;<\/td><td>C&nbsp;<\/td><\/tr><tr><td>5&nbsp;<\/td><td>Cytadela Grudzi\u0105dz&nbsp;<\/td><td>PLH040014&nbsp;<\/td><td>223&nbsp;<\/td><td>C&nbsp;<\/td><\/tr><tr><td>6&nbsp;<\/td><td>D\u0119bnia\u0144skie Mokrad\u0142a&nbsp;<\/td><td>PLH020002&nbsp;<\/td><td>5 289&nbsp;<\/td><td>C&nbsp;<\/td><\/tr><tr><td>7&nbsp;<\/td><td>Dolina Biebrzy&nbsp;<\/td><td>PLH200008&nbsp;<\/td><td>121 206&nbsp;<\/td><td>B&nbsp;<\/td><\/tr><tr><td>8&nbsp;<\/td><td>Dolina Czarnej&nbsp;<\/td><td>PLH260015&nbsp;<\/td><td>5 781&nbsp;<\/td><td>C&nbsp;<\/td><\/tr><tr><td>9&nbsp;<\/td><td>Dolina Dolnej Kwisy&nbsp;<\/td><td>PLH020050&nbsp;<\/td><td>5 886&nbsp;<\/td><td>C&nbsp;<\/td><\/tr><tr><td>10&nbsp;<\/td><td>Dolina \u0141achy&nbsp;<\/td><td>PLH020003&nbsp;<\/td><td>959&nbsp;<\/td><td>C&nbsp;<\/td><\/tr><tr><td>11&nbsp;<\/td><td>Dolina Pr\u0105dnika&nbsp;<\/td><td>PLH120004&nbsp;<\/td><td>2 156&nbsp;<\/td><td>C&nbsp;<\/td><\/tr><tr><td>12&nbsp;<\/td><td>Dolina Widawy&nbsp;<\/td><td>PLH020036&nbsp;<\/td><td>2 279&nbsp;<\/td><td>C&nbsp;<\/td><\/tr><tr><td>13&nbsp;<\/td><td>Fort Salis Soglio&nbsp;<\/td><td>PLH180008&nbsp;<\/td><td>47&nbsp;<\/td><td>B&nbsp;<\/td><\/tr><tr><td>14&nbsp;<\/td><td>Forty Modli\u0144skie&nbsp;<\/td><td>PLH140020&nbsp;<\/td><td>176&nbsp;<\/td><td>B&nbsp;<\/td><\/tr><tr><td>15&nbsp;<\/td><td>Forty Nyskie&nbsp;<\/td><td>PLH160001&nbsp;<\/td><td>53&nbsp;<\/td><td>C&nbsp;<\/td><\/tr><tr><td>16&nbsp;<\/td><td>Forty w Toruniu&nbsp;<\/td><td>PLH040001&nbsp;<\/td><td>13&nbsp;<\/td><td>C&nbsp;<\/td><\/tr><tr><td>17&nbsp;<\/td><td>Fortyfikacje w Poznaniu&nbsp;<\/td><td>PLH300005&nbsp;<\/td><td>149&nbsp;<\/td><td>B&nbsp;<\/td><\/tr><tr><td>18&nbsp;<\/td><td>Gier\u0142o\u017c&nbsp;<\/td><td>PLH280002&nbsp;<\/td><td>57&nbsp;<\/td><td>C&nbsp;<\/td><\/tr><tr><td>19&nbsp;<\/td><td>G\u00f3ry Bialskie i Grupa \u015anie\u017cnika&nbsp;<\/td><td>PLH020016&nbsp;<\/td><td>19 116&nbsp;<\/td><td>C&nbsp;<\/td><\/tr><tr><td>20&nbsp;<\/td><td>G\u00f3ry i Pog\u00f3rze Kaczawskie&nbsp;<\/td><td>PLH020037&nbsp;<\/td><td>35 005&nbsp;<\/td><td>C&nbsp;<\/td><\/tr><tr><td>21&nbsp;<\/td><td>G\u00f3ry Kamienne&nbsp;<\/td><td>PLH020038&nbsp;<\/td><td>24 099&nbsp;<\/td><td>C&nbsp;<\/td><\/tr><tr><td>22&nbsp;<\/td><td>G\u00f3ry Sto\u0142owe&nbsp;<\/td><td>PLH020004&nbsp;<\/td><td>10 984&nbsp;<\/td><td>C&nbsp;<\/td><\/tr><tr><td>23&nbsp;<\/td><td>G\u00f3ry Z\u0142ote&nbsp;<\/td><td>PLH020096&nbsp;<\/td><td>7 129&nbsp;<\/td><td>C&nbsp;<\/td><\/tr><tr><td>24&nbsp;<\/td><td>Gr\u0105dy w Dolinie Odry&nbsp;<\/td><td>PLH020017&nbsp;<\/td><td>8 756&nbsp;<\/td><td>C&nbsp;<\/td><\/tr><tr><td>25&nbsp;<\/td><td>Horyniec&nbsp;<\/td><td>PLH180017&nbsp;<\/td><td>11 016&nbsp;<\/td><td>C&nbsp;<\/td><\/tr><tr><td>26&nbsp;<\/td><td>Jeleniewo&nbsp;<\/td><td>PLH200001&nbsp;<\/td><td>5 910&nbsp;<\/td><td>C&nbsp;<\/td><\/tr><tr><td>27&nbsp;<\/td><td>Kargowskie Zakola Odry&nbsp;<\/td><td>PLH080012&nbsp;<\/td><td>3 070&nbsp;<\/td><td>C&nbsp;<\/td><\/tr><tr><td>28&nbsp;<\/td><td>Karkonosze&nbsp;<\/td><td>PLC020001&nbsp;<\/td><td>18 661&nbsp;<\/td><td>C&nbsp;<\/td><\/tr><tr><td>29&nbsp;<\/td><td>Kopalnie w Z\u0142otym Stoku&nbsp;<\/td><td>PLH020007&nbsp;<\/td><td>176&nbsp;<\/td><td>C&nbsp;<\/td><\/tr><tr><td>30&nbsp;<\/td><td>Las Pilczycki&nbsp;<\/td><td>PLH020069&nbsp;<\/td><td>121&nbsp;<\/td><td>C&nbsp;<\/td><\/tr><tr><td>31&nbsp;<\/td><td>Lasy Gr\u0119dzi\u0144skie&nbsp;<\/td><td>PLH020081&nbsp;<\/td><td>3 088&nbsp;<\/td><td>C&nbsp;<\/td><\/tr><tr><td>32&nbsp;<\/td><td>Lasy Spalskie&nbsp;<\/td><td>PLH100003&nbsp;<\/td><td>2 049&nbsp;<\/td><td>C&nbsp;<\/td><\/tr><tr><td>33&nbsp;<\/td><td>\u0141\u0119gi nad Bystrzyc\u0105&nbsp;<\/td><td>PLH020103&nbsp;<\/td><td>2 084&nbsp;<\/td><td>C&nbsp;<\/td><\/tr><tr><td>34&nbsp;<\/td><td>\u0141\u0119gi Odrza\u0144skie&nbsp;<\/td><td>PLC020002&nbsp;<\/td><td>21 350&nbsp;<\/td><td>C&nbsp;<\/td><\/tr><tr><td>35&nbsp;<\/td><td>Mamerki&nbsp;<\/td><td>PLH280004&nbsp;<\/td><td>162&nbsp;<\/td><td>B&nbsp;<\/td><\/tr><tr><td>36&nbsp;<\/td><td>Masyw Che\u0142mca&nbsp;<\/td><td>PLH020057&nbsp;<\/td><td>1 419&nbsp;<\/td><td>C&nbsp;<\/td><\/tr><tr><td>37&nbsp;<\/td><td>Masyw \u015al\u0119\u017cy&nbsp;<\/td><td>PLH020040&nbsp;<\/td><td>5 059&nbsp;<\/td><td>C&nbsp;<\/td><\/tr><tr><td>38&nbsp;<\/td><td>Mopki w Naruszewie&nbsp;<\/td><td>PLH140056&nbsp;<\/td><td>217&nbsp;<\/td><td>C&nbsp;<\/td><\/tr><tr><td>39&nbsp;<\/td><td>Mopkowy tunel ko\u0142o Krzystkowic&nbsp;<\/td><td>PLH080024&nbsp;<\/td><td>48&nbsp;<\/td><td>B&nbsp;<\/td><\/tr><tr><td>40&nbsp;<\/td><td>Muszkowicki Las Bukowy&nbsp;<\/td><td>PLH020068&nbsp;<\/td><td>206&nbsp;<\/td><td>C&nbsp;<\/td><\/tr><tr><td>41&nbsp;<\/td><td>Nied\u017awiedzie Wielkie&nbsp;<\/td><td>PLH280050&nbsp;<\/td><td>89&nbsp;<\/td><td>C&nbsp;<\/td><\/tr><tr><td>42&nbsp;<\/td><td>Nietoperek&nbsp;<\/td><td>PLH080003&nbsp;<\/td><td>7 377&nbsp;<\/td><td>B&nbsp;<\/td><\/tr><tr><td>43&nbsp;<\/td><td>Ostoja Borecka&nbsp;<\/td><td>PLH280016&nbsp;<\/td><td>25 340&nbsp;<\/td><td>C&nbsp;<\/td><\/tr><tr><td>44&nbsp;<\/td><td>Ostoja Czarnorzecka&nbsp;<\/td><td>PLH180027&nbsp;<\/td><td>2 023&nbsp;<\/td><td>B&nbsp;<\/td><\/tr><tr><td>45&nbsp;<\/td><td>Ostoja Knyszy\u0144ska&nbsp;<\/td><td>PLH200006&nbsp;<\/td><td>136 084&nbsp;<\/td><td>C&nbsp;<\/td><\/tr><tr><td>46&nbsp;<\/td><td>Ostoja Magurska&nbsp;<\/td><td>PLH180001&nbsp;<\/td><td>20 105&nbsp;<\/td><td>C&nbsp;<\/td><\/tr><tr><td>47&nbsp;<\/td><td>Ostoja nad Barycz\u0105&nbsp;<\/td><td>PLH020041&nbsp;<\/td><td>82 026&nbsp;<\/td><td>C&nbsp;<\/td><\/tr><tr><td>48&nbsp;<\/td><td>Ostoja nad Bobrem&nbsp;<\/td><td>PLH020054&nbsp;<\/td><td>13 585&nbsp;<\/td><td>C&nbsp;<\/td><\/tr><tr><td>49&nbsp;<\/td><td>Ostoja Nietoperzy G\u00f3r Sowich&nbsp;<\/td><td>PLH020071&nbsp;<\/td><td>21 127&nbsp;<\/td><td>C&nbsp;<\/td><\/tr><tr><td>50&nbsp;<\/td><td>Ostoja Olszty\u0144sko-Mirowska&nbsp;<\/td><td>PLH240015&nbsp;<\/td><td>2 211&nbsp;<\/td><td>C&nbsp;<\/td><\/tr><tr><td>51&nbsp;<\/td><td>Ostoja Pilska&nbsp;<\/td><td>PLH300045&nbsp;<\/td><td>3 272&nbsp;<\/td><td>C&nbsp;<\/td><\/tr><tr><td>52&nbsp;<\/td><td>Ostoja Przemyska&nbsp;<\/td><td>PLH180012&nbsp;<\/td><td>39 665&nbsp;<\/td><td>C&nbsp;<\/td><\/tr><tr><td>53&nbsp;<\/td><td>Ostoja S\u0142awniowicko-Burgrabicka&nbsp;<\/td><td>PLH160004&nbsp;<\/td><td>768&nbsp;<\/td><td>C&nbsp;<\/td><\/tr><tr><td>54&nbsp;<\/td><td>Ostoja Suwalska&nbsp;<\/td><td>PLH200003&nbsp;<\/td><td>6 350&nbsp;<\/td><td>C&nbsp;<\/td><\/tr><tr><td>55&nbsp;<\/td><td>Ostoja Wielkopolska&nbsp;<\/td><td>PLH300010&nbsp;<\/td><td>8 427&nbsp;<\/td><td>C&nbsp;<\/td><\/tr><tr><td>56&nbsp;<\/td><td>Ostoja Wigierska&nbsp;<\/td><td>PLH200004&nbsp;<\/td><td>16 072&nbsp;<\/td><td>C&nbsp;<\/td><\/tr><tr><td>57&nbsp;<\/td><td>Ostoja Z\u0142otopotocka&nbsp;<\/td><td>PLH240020&nbsp;<\/td><td>2 748&nbsp;<\/td><td>C&nbsp;<\/td><\/tr><tr><td>58&nbsp;<\/td><td>Pasmo Krowiarki&nbsp;<\/td><td>PLH020019&nbsp;<\/td><td>5 423&nbsp;<\/td><td>C&nbsp;<\/td><\/tr><tr><td>59&nbsp;<\/td><td>P\u0142askowy\u017c Na\u0142\u0119czowski&nbsp;<\/td><td>PLH060015&nbsp;<\/td><td>1 081&nbsp;<\/td><td>C&nbsp;<\/td><\/tr><tr><td>60&nbsp;<\/td><td>Police \u2013 kana\u0142y&nbsp;<\/td><td>PLH320015&nbsp;<\/td><td>112&nbsp;<\/td><td>C&nbsp;<\/td><\/tr><tr><td>61&nbsp;<\/td><td>Prze\u0142om Nysy K\u0142odzkiej ko\u0142o Morzyszowa&nbsp;<\/td><td>PLH020043&nbsp;<\/td><td>282&nbsp;<\/td><td>C&nbsp;<\/td><\/tr><tr><td>62&nbsp;<\/td><td>Prze\u0142omy Pe\u0142cznicy pod Ksi\u0105\u017cem&nbsp;<\/td><td>PLH020020&nbsp;<\/td><td>246&nbsp;<\/td><td>C&nbsp;<\/td><\/tr><tr><td>63&nbsp;<\/td><td>Przeplatki nad Bystrzyc\u0105&nbsp;<\/td><td>PLH020055&nbsp;<\/td><td>844&nbsp;<\/td><td>C&nbsp;<\/td><\/tr><tr><td>64&nbsp;<\/td><td>Puszcza Bia\u0142owieska&nbsp;<\/td><td>PLC200004&nbsp;<\/td><td>63 148&nbsp;<\/td><td>C&nbsp;<\/td><\/tr><tr><td>65&nbsp;<\/td><td>Puszcza Kampinoska&nbsp;<\/td><td>PLC140001&nbsp;<\/td><td>37 640&nbsp;<\/td><td>C&nbsp;<\/td><\/tr><tr><td>66&nbsp;<\/td><td>Puszcza Kozienicka&nbsp;<\/td><td>PLH140035&nbsp;<\/td><td>28 230&nbsp;<\/td><td>C&nbsp;<\/td><\/tr><tr><td>67&nbsp;<\/td><td>Puszcza Romincka&nbsp;<\/td><td>PLH280005&nbsp;<\/td><td>14 754&nbsp;<\/td><td>C&nbsp;<\/td><\/tr><tr><td>68&nbsp;<\/td><td>Roztocze \u015arodkowe&nbsp;<\/td><td>PLH060017&nbsp;<\/td><td>8 473&nbsp;<\/td><td>C&nbsp;<\/td><\/tr><tr><td>69&nbsp;<\/td><td>Rudawy Janowickie&nbsp;<\/td><td>PLH020011&nbsp;<\/td><td>6 635&nbsp;<\/td><td>C&nbsp;<\/td><\/tr><tr><td>70&nbsp;<\/td><td>Schrony Brzeskiego Rejonu Umocnionego&nbsp;<\/td><td>PLH200014&nbsp;<\/td><td>126&nbsp;<\/td><td>B&nbsp;<\/td><\/tr><tr><td>71&nbsp;<\/td><td>Ska\u0142ki Stoleckie&nbsp;<\/td><td>PLH020012&nbsp;<\/td><td>10&nbsp;<\/td><td>C&nbsp;<\/td><\/tr><tr><td>72&nbsp;<\/td><td>Szachownica&nbsp;<\/td><td>PLH240004&nbsp;<\/td><td>13&nbsp;<\/td><td>B&nbsp;<\/td><\/tr><tr><td>73&nbsp;<\/td><td>Sztolnia w M\u0142otach&nbsp;<\/td><td>PLH020070&nbsp;<\/td><td>12&nbsp;<\/td><td>B&nbsp;<\/td><\/tr><tr><td>74&nbsp;<\/td><td>Sztolnie w Le\u015bnej&nbsp;<\/td><td>PLH020013&nbsp;<\/td><td>30&nbsp;<\/td><td>C&nbsp;<\/td><\/tr><tr><td>75&nbsp;<\/td><td>Sztolnie w Senderkach&nbsp;<\/td><td>PLH060020&nbsp;<\/td><td>79&nbsp;<\/td><td>C&nbsp;<\/td><\/tr><tr><td>76&nbsp;<\/td><td>Terespol&nbsp;<\/td><td>PLH060053&nbsp;<\/td><td>25&nbsp;<\/td><td>C&nbsp;<\/td><\/tr><tr><td>77&nbsp;<\/td><td>Torfowiska G\u00f3r Izerskich&nbsp;<\/td><td>PLH020047&nbsp;<\/td><td>4 765&nbsp;<\/td><td>C&nbsp;<\/td><\/tr><tr><td>78&nbsp;<\/td><td>Uj\u015bcie Warty&nbsp;<\/td><td>PLC080001&nbsp;<\/td><td>33 215&nbsp;<\/td><td>C&nbsp;<\/td><\/tr><tr><td>79&nbsp;<\/td><td>Uroczyska Bor\u00f3w Dolno\u015bl\u0105skich&nbsp;<\/td><td>PLH020072&nbsp;<\/td><td>8 068&nbsp;<\/td><td>C&nbsp;<\/td><\/tr><tr><td>80&nbsp;<\/td><td>Uroczyska Las\u00f3w Janowskich&nbsp;<\/td><td>PLH060031&nbsp;<\/td><td>34 230&nbsp;<\/td><td>C&nbsp;<\/td><\/tr><tr><td>81&nbsp;<\/td><td>Uroczyska Las\u00f3w Strzeleckich&nbsp;<\/td><td>PLH060099&nbsp;<\/td><td>3 599&nbsp;<\/td><td>C&nbsp;<\/td><\/tr><tr><td>82&nbsp;<\/td><td>Uroczyska P\u0142yty Krotoszy\u0144skiej&nbsp;<\/td><td>PLH300002&nbsp;<\/td><td>34 225&nbsp;<\/td><td>C&nbsp;<\/td><\/tr><tr><td>83&nbsp;<\/td><td>Uroczyska Puszczy Solskiej&nbsp;<\/td><td>PLH060034&nbsp;<\/td><td>34 671&nbsp;<\/td><td>C&nbsp;<\/td><\/tr><tr><td>84&nbsp;<\/td><td>Uroczyska Roztocza Wschodniego&nbsp;<\/td><td>PLH060093&nbsp;<\/td><td>5 381&nbsp;<\/td><td>C&nbsp;<\/td><\/tr><tr><td>85&nbsp;<\/td><td>Wilki nad Nys\u0105&nbsp;<\/td><td>PLH080044&nbsp;<\/td><td>12 227&nbsp;<\/td><td>C&nbsp;<\/td><\/tr><tr><td>86&nbsp;<\/td><td>Wo\u017cuczyn&nbsp;<\/td><td>PLH060109&nbsp;<\/td><td>5&nbsp;<\/td><td>C&nbsp;<\/td><\/tr><tr><td>87&nbsp;<\/td><td>Wrzosowiska \u015awi\u0119toszowsko-\u0141awszowskie&nbsp;<\/td><td>PLH020063&nbsp;<\/td><td>9 648&nbsp;<\/td><td>C&nbsp;<\/td><\/tr><tr><td>88&nbsp;<\/td><td>Wrzosowisko Przemkowskie&nbsp;<\/td><td>PLH020015&nbsp;<\/td><td>6 676&nbsp;<\/td><td>C&nbsp;<\/td><\/tr><tr><td>89&nbsp;<\/td><td>Wzg\u00f3rza Bukowe&nbsp;<\/td><td>PLH320020&nbsp;<\/td><td>11 987&nbsp;<\/td><td>C&nbsp;<\/td><\/tr><tr><td>90&nbsp;<\/td><td>Wzg\u00f3rza Ch\u0119ci\u0144sko-Kieleckie&nbsp;<\/td><td>PLH260041&nbsp;<\/td><td>8 616&nbsp;<\/td><td>C&nbsp;<\/td><\/tr><tr><td>91&nbsp;<\/td><td>Wzg\u00f3rza Niemcza\u0144skie&nbsp;<\/td><td>PLH020082&nbsp;<\/td><td>3 237&nbsp;<\/td><td>C&nbsp;<\/td><\/tr><tr><td>92&nbsp;<\/td><td>Wzg\u00f3rza Strzeli\u0144skie&nbsp;<\/td><td>PLH020074&nbsp;<\/td><td>3 836&nbsp;<\/td><td>C&nbsp;<\/td><\/tr><tr><td>93&nbsp;<\/td><td>Zamek \u015awiecie&nbsp;<\/td><td>PLH040025&nbsp;<\/td><td>17&nbsp;<\/td><td>C&nbsp;<\/td><\/tr><\/tbody><\/table><\/figure>\n\n\n\n<p>TAGI:\u00a0<a href=\"https:\/\/nietoperze.pl\/tag\/mopek-zachodni\/\">mopek zachodni<\/a>,\u00a0<a href=\"https:\/\/nietoperze.pl\/tag\/projekt-eog\/\" data-type=\"URL\" data-id=\"https:\/\/nietoperze.pl\/tag\/projekt-eog\/\">projekt EOG<\/a>.<\/p>\n","protected":false},"excerpt":{"rendered":"<p>Jak wygl\u0105da? Gdzie mieszka? Co zjada? Gdzie zimuje? Mopek zachodni jest le\u015bnym nietoperzem wyst\u0119puj\u0105cym w ca\u0142ej Polsce. Obj\u0119ty jest \u015bcis\u0142\u0105 ochron\u0105 gatunkow\u0105 i wymaga ochrony czynnej. Podlega zapisom Konwencji Berne\u0144skiej, Konwencji Bo\u0144skiej oraz Porozumienia o ochronie populacji europejskich nietoperzy (EUROBATS). Na mocy dyrektywy siedliskowej jest gatunkiem wska\u017anikowym w procesie wyznaczania obszar\u00f3w Natura 2000. Znajduje si\u0119 &hellip; <\/p>\n<p class=\"link-more\"><a href=\"https:\/\/mopek.nietoperze.pl\/index.php\/mopek-zachodni\/\" class=\"more-link\">Czytaj dalej<span class=\"screen-reader-text\"> \u201eMopek zachodni\u201d<\/span><\/a><\/p>\n","protected":false},"author":1,"featured_media":0,"parent":0,"menu_order":0,"comment_status":"closed","ping_status":"closed","template":"","meta":{"footnotes":""},"_links":{"self":[{"href":"https:\/\/mopek.nietoperze.pl\/index.php\/wp-json\/wp\/v2\/pages\/14"}],"collection":[{"href":"https:\/\/mopek.nietoperze.pl\/index.php\/wp-json\/wp\/v2\/pages"}],"about":[{"href":"https:\/\/mopek.nietoperze.pl\/index.php\/wp-json\/wp\/v2\/types\/page"}],"author":[{"embeddable":true,"href":"https:\/\/mopek.nietoperze.pl\/index.php\/wp-json\/wp\/v2\/users\/1"}],"replies":[{"embeddable":true,"href":"https:\/\/mopek.nietoperze.pl\/index.php\/wp-json\/wp\/v2\/comments?post=14"}],"version-history":[{"count":7,"href":"https:\/\/mopek.nietoperze.pl\/index.php\/wp-json\/wp\/v2\/pages\/14\/revisions"}],"predecessor-version":[{"id":340,"href":"https:\/\/mopek.nietoperze.pl\/index.php\/wp-json\/wp\/v2\/pages\/14\/revisions\/340"}],"wp:attachment":[{"href":"https:\/\/mopek.nietoperze.pl\/index.php\/wp-json\/wp\/v2\/media?parent=14"}],"curies":[{"name":"wp","href":"https:\/\/api.w.org\/{rel}","templated":true}]}}