{"id":2,"date":"2021-10-25T09:28:13","date_gmt":"2021-10-25T09:28:13","guid":{"rendered":"http:\/\/mopek.nietoperze.pl\/?page_id=2"},"modified":"2023-07-11T22:47:20","modified_gmt":"2023-07-11T22:47:20","slug":"jak-wyglada","status":"publish","type":"page","link":"https:\/\/mopek.nietoperze.pl\/index.php\/mopek-zachodni\/jak-wyglada\/","title":{"rendered":"Jak wygl\u0105da?"},"content":{"rendered":"\n<figure class=\"wp-block-gallery has-nested-images columns-default is-cropped wp-block-gallery-1 is-layout-flex wp-block-gallery-is-layout-flex\">\n<figure class=\"wp-block-image size-large\"><img loading=\"lazy\" decoding=\"async\" width=\"1024\" height=\"682\" data-id=\"41\" src=\"http:\/\/mopek.nietoperze.pl\/wp-content\/uploads\/2022\/05\/Bbar_11-scaled-e1653019015377-1024x682.jpg\" alt=\"\" class=\"wp-image-41\" srcset=\"https:\/\/mopek.nietoperze.pl\/wp-content\/uploads\/2022\/05\/Bbar_11-scaled-e1653019015377-1024x682.jpg 1024w, https:\/\/mopek.nietoperze.pl\/wp-content\/uploads\/2022\/05\/Bbar_11-scaled-e1653019015377-300x200.jpg 300w, https:\/\/mopek.nietoperze.pl\/wp-content\/uploads\/2022\/05\/Bbar_11-scaled-e1653019015377-768x512.jpg 768w, https:\/\/mopek.nietoperze.pl\/wp-content\/uploads\/2022\/05\/Bbar_11-scaled-e1653019015377-1536x1024.jpg 1536w, https:\/\/mopek.nietoperze.pl\/wp-content\/uploads\/2022\/05\/Bbar_11-scaled-e1653019015377-2048x1365.jpg 2048w\" sizes=\"(max-width: 767px) 89vw, (max-width: 1000px) 54vw, (max-width: 1071px) 543px, 580px\" \/><figcaption class=\"wp-element-caption\">fot. B\u0142a\u017cej Wojtowicz<\/figcaption><\/figure>\n\n\n\n<figure class=\"wp-block-image size-large\"><img loading=\"lazy\" decoding=\"async\" width=\"1024\" height=\"683\" data-id=\"157\" src=\"https:\/\/mopek.nietoperze.pl\/wp-content\/uploads\/2022\/05\/IMG_5714-1024x683.jpg\" alt=\"\" class=\"wp-image-157\" srcset=\"https:\/\/mopek.nietoperze.pl\/wp-content\/uploads\/2022\/05\/IMG_5714-1024x683.jpg 1024w, https:\/\/mopek.nietoperze.pl\/wp-content\/uploads\/2022\/05\/IMG_5714-300x200.jpg 300w, https:\/\/mopek.nietoperze.pl\/wp-content\/uploads\/2022\/05\/IMG_5714-768x512.jpg 768w, https:\/\/mopek.nietoperze.pl\/wp-content\/uploads\/2022\/05\/IMG_5714-1536x1024.jpg 1536w, https:\/\/mopek.nietoperze.pl\/wp-content\/uploads\/2022\/05\/IMG_5714-2048x1365.jpg 2048w\" sizes=\"(max-width: 767px) 89vw, (max-width: 1000px) 54vw, (max-width: 1071px) 543px, 580px\" \/><figcaption class=\"wp-element-caption\">fot. B\u0142a\u017cej Wojtowicz<\/figcaption><\/figure>\n\n\n\n<figure class=\"wp-block-image size-large\"><img loading=\"lazy\" decoding=\"async\" width=\"971\" height=\"1024\" data-id=\"141\" src=\"https:\/\/mopek.nietoperze.pl\/wp-content\/uploads\/2022\/05\/IMG_5722-1-971x1024.jpg\" alt=\"\" class=\"wp-image-141\" srcset=\"https:\/\/mopek.nietoperze.pl\/wp-content\/uploads\/2022\/05\/IMG_5722-1-971x1024.jpg 971w, https:\/\/mopek.nietoperze.pl\/wp-content\/uploads\/2022\/05\/IMG_5722-1-285x300.jpg 285w, https:\/\/mopek.nietoperze.pl\/wp-content\/uploads\/2022\/05\/IMG_5722-1-768x810.jpg 768w, https:\/\/mopek.nietoperze.pl\/wp-content\/uploads\/2022\/05\/IMG_5722-1.jpg 1180w\" sizes=\"(max-width: 767px) 89vw, (max-width: 1000px) 54vw, (max-width: 1071px) 543px, 580px\" \/><figcaption class=\"wp-element-caption\">fot. B\u0142a\u017cej Wojtowicz<\/figcaption><\/figure>\n\n\n\n<figure class=\"wp-block-image size-large\"><img loading=\"lazy\" decoding=\"async\" width=\"1024\" height=\"683\" data-id=\"19\" src=\"http:\/\/mopek.nietoperze.pl\/wp-content\/uploads\/2022\/05\/Bbar_13-1024x683.jpg\" alt=\"\" class=\"wp-image-19\" srcset=\"https:\/\/mopek.nietoperze.pl\/wp-content\/uploads\/2022\/05\/Bbar_13-1024x683.jpg 1024w, https:\/\/mopek.nietoperze.pl\/wp-content\/uploads\/2022\/05\/Bbar_13-300x200.jpg 300w, https:\/\/mopek.nietoperze.pl\/wp-content\/uploads\/2022\/05\/Bbar_13-768x512.jpg 768w, https:\/\/mopek.nietoperze.pl\/wp-content\/uploads\/2022\/05\/Bbar_13-1536x1024.jpg 1536w, https:\/\/mopek.nietoperze.pl\/wp-content\/uploads\/2022\/05\/Bbar_13-2048x1365.jpg 2048w\" sizes=\"(max-width: 767px) 89vw, (max-width: 1000px) 54vw, (max-width: 1071px) 543px, 580px\" \/><figcaption class=\"wp-element-caption\">fot. B\u0142a\u017cej Wojtowicz<\/figcaption><\/figure>\n\n\n\n<figure class=\"wp-block-image size-large\"><img loading=\"lazy\" decoding=\"async\" width=\"683\" height=\"1024\" data-id=\"48\" src=\"https:\/\/mopek.nietoperze.pl\/wp-content\/uploads\/2022\/05\/Bbar_15-683x1024.jpg\" alt=\"\" class=\"wp-image-48\" srcset=\"https:\/\/mopek.nietoperze.pl\/wp-content\/uploads\/2022\/05\/Bbar_15-683x1024.jpg 683w, https:\/\/mopek.nietoperze.pl\/wp-content\/uploads\/2022\/05\/Bbar_15-200x300.jpg 200w, https:\/\/mopek.nietoperze.pl\/wp-content\/uploads\/2022\/05\/Bbar_15-768x1152.jpg 768w, https:\/\/mopek.nietoperze.pl\/wp-content\/uploads\/2022\/05\/Bbar_15-1024x1536.jpg 1024w, https:\/\/mopek.nietoperze.pl\/wp-content\/uploads\/2022\/05\/Bbar_15-1365x2048.jpg 1365w, https:\/\/mopek.nietoperze.pl\/wp-content\/uploads\/2022\/05\/Bbar_15-scaled.jpg 1706w\" sizes=\"(max-width: 683px) 100vw, 683px\" \/><figcaption class=\"wp-element-caption\">fot. B\u0142a\u017cej Wojtowicz<\/figcaption><\/figure>\n\n\n\n<figure class=\"wp-block-image size-large\"><img loading=\"lazy\" decoding=\"async\" width=\"1024\" height=\"683\" data-id=\"39\" src=\"https:\/\/mopek.nietoperze.pl\/wp-content\/uploads\/2022\/05\/Bbar_6-1024x683.jpg\" alt=\"\" class=\"wp-image-39\" srcset=\"https:\/\/mopek.nietoperze.pl\/wp-content\/uploads\/2022\/05\/Bbar_6-1024x683.jpg 1024w, https:\/\/mopek.nietoperze.pl\/wp-content\/uploads\/2022\/05\/Bbar_6-300x200.jpg 300w, https:\/\/mopek.nietoperze.pl\/wp-content\/uploads\/2022\/05\/Bbar_6-768x512.jpg 768w, https:\/\/mopek.nietoperze.pl\/wp-content\/uploads\/2022\/05\/Bbar_6-1536x1024.jpg 1536w, https:\/\/mopek.nietoperze.pl\/wp-content\/uploads\/2022\/05\/Bbar_6-2048x1365.jpg 2048w\" sizes=\"(max-width: 767px) 89vw, (max-width: 1000px) 54vw, (max-width: 1071px) 543px, 580px\" \/><figcaption class=\"wp-element-caption\">fot. B\u0142a\u017cej Wojtowicz<\/figcaption><\/figure>\n\n\n\n<figure class=\"wp-block-image size-large\"><img loading=\"lazy\" decoding=\"async\" width=\"1024\" height=\"683\" data-id=\"116\" src=\"http:\/\/mopek.nietoperze.pl\/wp-content\/uploads\/2022\/05\/Bbar_1a-1-1024x683.jpg\" alt=\"\" class=\"wp-image-116\" srcset=\"https:\/\/mopek.nietoperze.pl\/wp-content\/uploads\/2022\/05\/Bbar_1a-1-1024x683.jpg 1024w, https:\/\/mopek.nietoperze.pl\/wp-content\/uploads\/2022\/05\/Bbar_1a-1-300x200.jpg 300w, https:\/\/mopek.nietoperze.pl\/wp-content\/uploads\/2022\/05\/Bbar_1a-1-768x512.jpg 768w, https:\/\/mopek.nietoperze.pl\/wp-content\/uploads\/2022\/05\/Bbar_1a-1-1536x1025.jpg 1536w, https:\/\/mopek.nietoperze.pl\/wp-content\/uploads\/2022\/05\/Bbar_1a-1.jpg 2000w\" sizes=\"(max-width: 767px) 89vw, (max-width: 1000px) 54vw, (max-width: 1071px) 543px, 580px\" \/><figcaption class=\"wp-element-caption\">fot. B\u0142a\u017cej Wojtowicz<\/figcaption><\/figure>\n<\/figure>\n\n\n\n<p>W spoczynku mopka trudno pomyli\u0107 z innymi gatunkami nietoperzy. Kr\u00f3tki pysk, o specyficznym uk\u0142adzie fa\u0142d\u00f3w sk\u00f3rnych, skierowane w g\u00f3r\u0119 nozdrza oraz uszy szerokie, kr\u00f3tkie, tr\u00f3jk\u0105tnego kszta\u0142tu i \u0142\u0105cz\u0105ce si\u0119 nasadami na \u015brodku g\u0142owy nadaj\u0105 mu charakterystyczny wygl\u0105d. Na zewn\u0119trznym brzegu ucha, w po\u0142owie wysoko\u015bci, mo\u017ce by\u0107 widoczny ma\u0142y p\u0142atek (1-1,5 mm), jednak ta cecha nie zawsze wyst\u0119puje. Z kolei u nasady uszu mopki zachodnie posiadaj\u0105 kozio\u0142ki (p\u0142aty sk\u00f3rne) no\u017cowatego kszta\u0142tu, kt\u00f3re zw\u0119\u017caj\u0105 si\u0119 w po\u0142owie d\u0142ugo\u015bci, ko\u0144cz\u0105 szpiczasto i si\u0119gaj\u0105 po\u0142owy wysoko\u015bci ucha. Oczy u tego gatunku s\u0105 ma\u0142e i czarne. Ubarwienie cia\u0142a jest ciemne, niemal czarne. Na grzbiecie jedynie ko\u0144ce w\u0142os\u00f3w s\u0105 bia\u0142e lub \u017c\u00f3\u0142te. To powoduje, \u017ce osobniki m\u0142ode (2-3 tygodniowe), kt\u00f3rym dopiero ro\u015bnie futro s\u0105 jasne, cz\u0119sto wr\u0119cz srebrzyste, do momentu gdy w\u0142os nie osi\u0105gnie ca\u0142kowitej d\u0142ugo\u015bci. Futro na brzuchu jest ciemnoszare i s\u0142abo kontrastuje ze stron\u0105 grzbietow\u0105. Pysk, b\u0142ona skrzyd\u0142owa i ogonowa r\u00f3wnie\u017c s\u0105 ciemne, podobnie kr\u00f3tkie w\u0142osy na pysku, zewn\u0119trznej stronie uszu i porastaj\u0105ce cz\u0119\u015bciowo b\u0142ony (uropatagium i plagiopatagium).<\/p>\n\n\n\n<p>Mopek zachodni jest \u015bredniej wielko\u015bci krajowym gatunkiem nietoperza (przedrami\u0119 d\u0142ugo\u015bci 36-44 mm, cia\u0142o 45-60 mm). Masa cia\u0142a jest zmienna w sezonie, \u015brednio wynosi 7-10 g. Wiosn\u0105, po okresie hibernacji osobniki tego gatunku wa\u017c\u0105 oko\u0142o 5,6 g, z kolei jesieni\u0105 masa ich dochodzi \u015brednio do 13,7 g. <\/p>\n\n\n\n<p>Skrzyd\u0142a mopek zachodni ma d\u0142ugie i niezbyt szerokie, ich rozpi\u0119to\u015b\u0107 mie\u015bci si\u0119 w przedziale od 25-28 cm. Umo\u017cliwiaj\u0105 stosunkowo wolny lot, ale zapewniaj\u0105 du\u017c\u0105 zwrotno\u015b\u0107, a nawet zawisanie w powietrzu. W spoczynku skrzyd\u0142a s\u0105 sk\u0142adane i trzymane po bokach cia\u0142a. B\u0142ona skrzyd\u0142owa przyczepiona jest do nasady palc\u00f3w st\u00f3p. Ostroga (chrz\u0105stka biegn\u0105ca od stopy usztywniaj\u0105ca brzeg b\u0142ony ogonowej) si\u0119ga po\u0142owy d\u0142ugo\u015bci brzegu b\u0142ony ogonowej i posiada p\u0142atek sk\u00f3rny z chrz\u0105stk\u0105.<\/p>\n\n\n\n<p>TAGI: <a href=\"https:\/\/nietoperze.pl\/tag\/mopek-zachodni\/\" data-type=\"URL\" data-id=\"https:\/\/nietoperze.pl\/tag\/mopek-zachodni\/\">mopek zachodni<\/a>, <a href=\"https:\/\/nietoperze.pl\/tag\/projekt-eog\/\" data-type=\"URL\" data-id=\"https:\/\/nietoperze.pl\/tag\/projekt-eog\/\">projekt EOG<\/a>.<\/p>\n","protected":false},"excerpt":{"rendered":"<p>W spoczynku mopka trudno pomyli\u0107 z innymi gatunkami nietoperzy. Kr\u00f3tki pysk, o specyficznym uk\u0142adzie fa\u0142d\u00f3w sk\u00f3rnych, skierowane w g\u00f3r\u0119 nozdrza oraz uszy szerokie, kr\u00f3tkie, tr\u00f3jk\u0105tnego kszta\u0142tu i \u0142\u0105cz\u0105ce si\u0119 nasadami na \u015brodku g\u0142owy nadaj\u0105 mu charakterystyczny wygl\u0105d. Na zewn\u0119trznym brzegu ucha, w po\u0142owie wysoko\u015bci, mo\u017ce by\u0107 widoczny ma\u0142y p\u0142atek (1-1,5 mm), jednak ta cecha nie &hellip; <\/p>\n<p class=\"link-more\"><a href=\"https:\/\/mopek.nietoperze.pl\/index.php\/mopek-zachodni\/jak-wyglada\/\" class=\"more-link\">Czytaj dalej<span class=\"screen-reader-text\"> \u201eJak wygl\u0105da?\u201d<\/span><\/a><\/p>\n","protected":false},"author":4,"featured_media":0,"parent":14,"menu_order":1,"comment_status":"closed","ping_status":"closed","template":"","meta":{"footnotes":""},"_links":{"self":[{"href":"https:\/\/mopek.nietoperze.pl\/index.php\/wp-json\/wp\/v2\/pages\/2"}],"collection":[{"href":"https:\/\/mopek.nietoperze.pl\/index.php\/wp-json\/wp\/v2\/pages"}],"about":[{"href":"https:\/\/mopek.nietoperze.pl\/index.php\/wp-json\/wp\/v2\/types\/page"}],"author":[{"embeddable":true,"href":"https:\/\/mopek.nietoperze.pl\/index.php\/wp-json\/wp\/v2\/users\/4"}],"replies":[{"embeddable":true,"href":"https:\/\/mopek.nietoperze.pl\/index.php\/wp-json\/wp\/v2\/comments?post=2"}],"version-history":[{"count":6,"href":"https:\/\/mopek.nietoperze.pl\/index.php\/wp-json\/wp\/v2\/pages\/2\/revisions"}],"predecessor-version":[{"id":341,"href":"https:\/\/mopek.nietoperze.pl\/index.php\/wp-json\/wp\/v2\/pages\/2\/revisions\/341"}],"up":[{"embeddable":true,"href":"https:\/\/mopek.nietoperze.pl\/index.php\/wp-json\/wp\/v2\/pages\/14"}],"wp:attachment":[{"href":"https:\/\/mopek.nietoperze.pl\/index.php\/wp-json\/wp\/v2\/media?parent=2"}],"curies":[{"name":"wp","href":"https:\/\/api.w.org\/{rel}","templated":true}]}}