{"id":213,"date":"2022-12-02T09:31:48","date_gmt":"2022-12-02T09:31:48","guid":{"rendered":"https:\/\/mopek.nietoperze.pl\/?page_id=213"},"modified":"2023-07-13T22:09:11","modified_gmt":"2023-07-13T22:09:11","slug":"prasa","status":"publish","type":"page","link":"https:\/\/mopek.nietoperze.pl\/index.php\/dzialania-informacyjne\/prasa\/","title":{"rendered":"Media i prasa"},"content":{"rendered":"\n<ul>\n<li><a href=\"https:\/\/www.facebook.com\/ochronamopka\/\" data-type=\"URL\" data-id=\"https:\/\/www.facebook.com\/ochronamopka\/\" target=\"_blank\" rel=\"noreferrer noopener\">Ochrona mopka zachodniego<\/a> (profil na Facebooku)<\/li>\n\n\n\n<li><a rel=\"noreferrer noopener\" href=\"https:\/\/walbrzych.dlawas.info\/wiadomosci\/walbrzych-region-mopki-tu-mopki-tam-a-do-tego-karliki-foto\/cid,36325,a\" target=\"_blank\">Wa\u0142brzych region: mopki tu, mopki tam, a do tego karliki<\/a> (Wa\u0142brzych DlaWas.info)<\/li>\n\n\n\n<li><a href=\"https:\/\/swidnica.wroclaw.lasy.gov.pl\/aktualnosci\/-\/asset_publisher\/1M8a\/content\/ochrona-mopka-zachodniego-podsumowanie-1-roku-projektu\" data-type=\"URL\" data-id=\"https:\/\/swidnica.wroclaw.lasy.gov.pl\/aktualnosci\/-\/asset_publisher\/1M8a\/content\/ochrona-mopka-zachodniego-podsumowanie-1-roku-projektu\" target=\"_blank\" rel=\"noreferrer noopener\">Ochrona mopka zachodniego &#8211; podsumowanie 1 roku projektu<\/a> (Nadle\u015bnictwo \u015awidnica)<\/li>\n\n\n\n<li><a href=\"https:\/\/swidnica24.pl\/2022\/06\/na-pomoc-nietoperzom-zamontowali-schronienia-dla-mopka-zachodniego-foto\/\" data-type=\"URL\" data-id=\"https:\/\/swidnica24.pl\/2022\/06\/na-pomoc-nietoperzom-zamontowali-schronienia-dla-mopka-zachodniego-foto\/\" target=\"_blank\" rel=\"noreferrer noopener\">Na pomoc nietoperzom. Zamontowali schronienia dla mopka zachodniego<\/a> (Swidnica24.pl)<\/li>\n\n\n\n<li><a rel=\"noreferrer noopener\" href=\"https:\/\/www.laspolski.pl\/s\/1\/4130\/budki-dla-mopka-czynna-ochrona-nietoperzy\" data-type=\"URL\" data-id=\"https:\/\/www.laspolski.pl\/s\/1\/4130\/budki-dla-mopka-czynna-ochrona-nietoperzy\" target=\"_blank\">Budki dla mopka \u2013 Czynna ochrona nietoperzy<\/a> (Las Polski)<\/li>\n\n\n\n<li><a rel=\"noreferrer noopener\" href=\"https:\/\/parkilodzkie.pl\/bpk\/aktualnosci\/2162-przeglad-budek-szczelinowych-dla-mopka-zachodniego-w-puszczy-bolimowskiej\" target=\"_blank\">Przegl\u0105d budek szczelinowych dla mopka zachodniego w\u00a0Bolimowskim Parku Krajobrazowym<\/a> (Zesp\u00f3\u0142 Park\u00f3w Krajobrazowych Wojew\u00f3dztwa \u0141\u00f3dzkiego)<\/li>\n\n\n\n<li><a rel=\"noreferrer noopener\" href=\"https:\/\/www.radiowroclaw.pl\/articles\/view\/120504\/Nowoczesne-schronienia-dla-nietoperzy-pojawily-sie-w-swidnickich-lasach\" target=\"_blank\">Nowoczesne schronienia dla nietoperzy pojawi\u0142y si\u0119 w \u015bwidnickich lasach<\/a> (Radio Wroc\u0142aw)<\/li>\n\n\n\n<li><a href=\"https:\/\/nietoperze.pl\/140-2\/\">W Nadle\u015bnictwie \u015awidnica zosta\u0142o powieszonych 100 schronie\u0144 dla mopka zachodniego<\/a><\/li>\n\n\n\n<li><a href=\"https:\/\/nietoperze.pl\/pomagamy-mopkom-zachodnim-w-puszczy-bolimowskiej\/\">Pomagamy mopkom zachodnim w Puszczy Bolimowskiej<\/a> (nietoperze.pl)<\/li>\n\n\n\n<li><a href=\"https:\/\/www.drewno.pl\/artykuly\/12426,1200-drewnianych-schronow-dla-nietoperzy-zawieszono-w-lasach.html\" data-type=\"URL\" data-id=\"https:\/\/www.drewno.pl\/artykuly\/12426,1200-drewnianych-schronow-dla-nietoperzy-zawieszono-w-lasach.html\" target=\"_blank\" rel=\"noreferrer noopener\">1200 drewnianych schron\u00f3w dla nietoperzy zawieszono w lasach<\/a> (drewno.pl)<\/li>\n\n\n\n<li><a href=\"https:\/\/nietoperze.pl\/podsumowanie-pierwszego-roku-realizacji-zadan-projektu-czynna-ochrona-mopka-zachodniego-na-wybranych-obszarach-lesnych-w-polsce-na-obszarze-natura-2000-ostoja-nietoperzy-gor-sowich\/\">Pierwszy rok realizacji projektu \u201eCzynna ochrona mopka zachodniego\u201d na obszarze Natura 2000 Ostoja Nietoperzy G\u00f3r Sowich<\/a> (nietoperze.pl)<\/li>\n\n\n\n<li><a href=\"https:\/\/wltd.up.poznan.pl\/pl\/blog\/800-tys-z-z-otych-na-ochron-populacji-nietoperza-mopka-na-wybranych-obszarach-le-nych-w-polsce\" data-type=\"URL\" data-id=\"https:\/\/wltd.up.poznan.pl\/pl\/blog\/800-tys-z-z-otych-na-ochron-populacji-nietoperza-mopka-na-wybranych-obszarach-le-nych-w-polsce\" target=\"_blank\" rel=\"noreferrer noopener\">800 tys. z\u0142 z\u0142otych na ochron\u0119 populacji nietoperza \u2013 mopka zachodniego na wybranych obszarach le\u015bnych w Polsce<\/a> (Uniwersytet Przyrodniczy w Poznaniu)<\/li>\n\n\n\n<li><a href=\"https:\/\/kopalniawiedzy.pl\/mopek-zachodni-nietoperz-obszary-lesne-populacja-dynamika-liczebnosc,34515\" data-type=\"URL\" data-id=\"https:\/\/kopalniawiedzy.pl\/mopek-zachodni-nietoperz-obszary-lesne-populacja-dynamika-liczebnosc,34515\" target=\"_blank\" rel=\"noreferrer noopener\">Lepiej poznamy polskie mopki zachodnie<\/a> (KopalniaWiedzy.pl)<\/li>\n\n\n\n<li><a rel=\"noreferrer noopener\" href=\"https:\/\/www.kp.org.pl\/images\/bociek\/Artyku\u0142y\/bociek_151\/BOCIEKnr3_2022_CALOSC.pdf\" target=\"_blank\">Mopki w Bo\u0107ku<\/a> (BOCIEK Biuletyn Klubu Przyrodnik\u00f3w, str. 35-57)<\/li>\n<\/ul>\n\n\n\n<p><\/p>\n\n\n\n<iframe loading=\"lazy\" src=\"https:\/\/www.facebook.com\/plugins\/post.php?href=https%3A%2F%2Fwww.facebook.com%2FFunduszenorweskieEOG%2Fposts%2Fpfbid024f2yHL3pinVrZ4GwUmh8GCwyJpZTRLVNyAvJBQDa8naZ9tSjFXNwdnXQdjHNupHfl&amp;show_text=true&amp;width=500\" width=\"500\" height=\"793\" style=\"border:none;overflow:hidden\" scrolling=\"no\" frameborder=\"0\" allowfullscreen=\"true\" allow=\"autoplay; clipboard-write; encrypted-media; picture-in-picture; web-share\"><\/iframe>\n\n\n\n<p>Wpisy w kategorii: <a href=\"https:\/\/nietoperze.pl\/category\/projekty\/\" data-type=\"URL\" data-id=\"https:\/\/nietoperze.pl\/category\/projekty\/\">projekty<\/a><\/p>\n\n\n\n<p>TAGI: <a href=\"https:\/\/nietoperze.pl\/tag\/mopek-zachodni\/\" data-type=\"URL\" data-id=\"https:\/\/nietoperze.pl\/tag\/mopek-zachodni\/\">mopek zachodni<\/a>, <a href=\"https:\/\/nietoperze.pl\/tag\/projekt-eog\/\" data-type=\"URL\" data-id=\"https:\/\/nietoperze.pl\/tag\/projekt-eog\/\">projekt EOG<\/a><\/p>\n","protected":false},"excerpt":{"rendered":"<p>Wpisy w kategorii: projekty TAGI: mopek zachodni, projekt EOG<\/p>\n","protected":false},"author":1,"featured_media":0,"parent":87,"menu_order":2,"comment_status":"closed","ping_status":"closed","template":"","meta":{"footnotes":""},"_links":{"self":[{"href":"https:\/\/mopek.nietoperze.pl\/index.php\/wp-json\/wp\/v2\/pages\/213"}],"collection":[{"href":"https:\/\/mopek.nietoperze.pl\/index.php\/wp-json\/wp\/v2\/pages"}],"about":[{"href":"https:\/\/mopek.nietoperze.pl\/index.php\/wp-json\/wp\/v2\/types\/page"}],"author":[{"embeddable":true,"href":"https:\/\/mopek.nietoperze.pl\/index.php\/wp-json\/wp\/v2\/users\/1"}],"replies":[{"embeddable":true,"href":"https:\/\/mopek.nietoperze.pl\/index.php\/wp-json\/wp\/v2\/comments?post=213"}],"version-history":[{"count":11,"href":"https:\/\/mopek.nietoperze.pl\/index.php\/wp-json\/wp\/v2\/pages\/213\/revisions"}],"predecessor-version":[{"id":354,"href":"https:\/\/mopek.nietoperze.pl\/index.php\/wp-json\/wp\/v2\/pages\/213\/revisions\/354"}],"up":[{"embeddable":true,"href":"https:\/\/mopek.nietoperze.pl\/index.php\/wp-json\/wp\/v2\/pages\/87"}],"wp:attachment":[{"href":"https:\/\/mopek.nietoperze.pl\/index.php\/wp-json\/wp\/v2\/media?parent=213"}],"curies":[{"name":"wp","href":"https:\/\/api.w.org\/{rel}","templated":true}]}}