{"id":60,"date":"2022-05-20T04:27:01","date_gmt":"2022-05-20T04:27:01","guid":{"rendered":"https:\/\/mopek.nietoperze.pl\/?page_id=60"},"modified":"2023-07-11T22:47:56","modified_gmt":"2023-07-11T22:47:56","slug":"gdzie-mieszka","status":"publish","type":"page","link":"https:\/\/mopek.nietoperze.pl\/index.php\/mopek-zachodni\/gdzie-mieszka\/","title":{"rendered":"Gdzie mieszka?"},"content":{"rendered":"\n<p>Mopek jest gatunkiem zwi\u0105zanym z terenami le\u015bnymi tzn. poluje oraz wybiera kryj\u00f3wki letnie, w tym schronienia kolonii rozrodczych, najcz\u0119\u015bciej w lasach. Kolonie rozrodcze zajmuj\u0105 na czas rozrodu szczeliny pod odstaj\u0105cymi p\u0142atami kory drzew, w sp\u0119kaniach pni lub ich rozwidleniach.<\/p>\n\n\n\n<p>Najcz\u0119\u015bciej lokalizowano schronienia mopk\u00f3w w drzewach o pier\u015bnicy 40 cm lub grubszych \u2013 g\u0142\u00f3wnie w d\u0119bach, bukach i \u015bwierkach. Mopki ch\u0119tnie kry\u0142y si\u0119 w szczelinach w pniach czy w przestrzeniach za odstaj\u0105cymi p\u0142atami kory. Najcz\u0119\u015bciej kryj\u00f3wki tych nietoperzy by\u0142y lokalizowane w drzewach martwych, kt\u00f3re najprawdopodobniej zapewniaj\u0105 wi\u0119cej tego typu schronie\u0144. W Europie \u015arodkowej cz\u0119sto zajmowa\u0142y martwe \u015bwierki po pojawieniu si\u0119 kornik\u00f3w. Tam, gdzie martwe drzewa s\u0105 rzadko\u015bci\u0105, mopki mog\u0105 r\u00f3wnie\u017c wykorzystywa\u0107 kryj\u00f3wki w drzewach \u017cywych. W lasach bukowych w \u015brodkowych W\u0142oszech 20 ze zlokalizowanych schronie\u0144 osobnik\u00f3w tego gatunku znajdowa\u0142o si\u0119 w drzewach martwych, osiem w drzewach z konarami obumar\u0142ymi w mniej ni\u017c 50%, pi\u0119\u0107 w drzewach z konarami obumar\u0142ymi w 50-90% a tylko jedno w drzewie \u017cywym. W Polsce, w czasie bada\u0144 prowadzonych na R\u00f3wninie Czeszowskiej (po\u0142udniowo-zachodnia Polska) na siedem zlokalizowanych schronie\u0144 w drzewach sze\u015b\u0107 znajdowa\u0142o si\u0119 w drzewach martwych (\u015bwierkach, sosnach, bukach) a jedno w \u017cywym buku. Badania prowadzone w Muszkowickim Lesie Bukowym (po\u0142udniowo-zachodnia Polska) umo\u017cliwi\u0142y zlokalizowanie 15 schronie\u0144 kolonii rozrodczych. Wszystkie kryj\u00f3wki w drzewach znajdowa\u0142y si\u0119 w martwych \u015bwierkach mimo obecnych r\u00f3wnie\u017c, cho\u0107 w mniejszej liczbie, martwych buk\u00f3w. R\u00f3wnie\u017c w Puszczy Bia\u0142owieskiej wiele zlokalizowanych schronie\u0144 mopk\u00f3w znajdowa\u0142o si\u0119 za p\u0142atami kory martwych \u015bwierk\u00f3w. Kryj\u00f3wki w drzewach znajdowano najcz\u0119\u015bciej na 10 m nad ziemi\u0105 lub wy\u017cej.&nbsp;<\/p>\n\n\n\n<p>Kolonie mopk\u00f3w korzystaj\u0105 tak\u017ce z budek szczelinowych, sztucznych schronie\u0144 imituj\u0105cych kryj\u00f3wki naturalne w drzewach. Budki rozwieszone w lasach s\u0105 szybko lokalizowane przez nietoperze. Kolonie zasiedlaj\u0105 skrzynki ju\u017c 1-2 sezonie od ich rozwieszenia.&nbsp;<\/p>\n\n\n\n<p>Znane s\u0105 r\u00f3wnie\u017c schronienia mopk\u00f3w w szczelinach ska\u0142, w jaskiniach i w budynkach stoj\u0105cych w pobli\u017cu las\u00f3w. W obiektach antropogenicznych osobniki zajmowa\u0142y nisze imituj\u0105ce kryj\u00f3wki naturalne tzn. w\u0105skie szczeliny np. miejsca za drewnianymi obiciami budynk\u00f3w, za okiennicami.<\/p>\n\n\n\n<p class=\"has-small-font-size\"><em>Poni\u017cej zdj\u0119cie sferyczne z jednego z punkt\u00f3w wieszania skrzynek szczelinowych w Puszczy Kozienickiej w ramach projektu. Na zdj\u0119ciu wida\u0107 5 skrzynek rozwieszonych w grupie w odleg\u0142o\u015bci oko\u0142o 20 metr\u00f3w od siebie (aby obraca\u0107 obraz kliknij myszk\u0105 i przytrzymaj lewy przycisk)<\/em><\/p>\n\n\n\n<iframe src=\"https:\/\/www.google.com\/maps\/embed?pb=!4v1654940893497!6m8!1m7!1sCAoSLEFGMVFpcFAyUk9OS1pPdlRybmU1OHZrUjV6RWhpNWFZeTlnNWxLd1FLU1Ey!2m2!1d51.6306774!2d21.4274677!3f207.6200307828311!4f0!5f0.7820865974627469\" style=\"border:0;\" allowfullscreen=\"\" loading=\"lazy\" referrerpolicy=\"no-referrer-when-downgrade\" width=\"800\" height=\"600\"><\/iframe>\n\n\n\n<p>TAGI:\u00a0<a href=\"https:\/\/nietoperze.pl\/tag\/mopek-zachodni\/\">mopek zachodni<\/a>,\u00a0<a href=\"https:\/\/nietoperze.pl\/tag\/projekt-eog\/\" data-type=\"URL\" data-id=\"https:\/\/nietoperze.pl\/tag\/projekt-eog\/\">projekt EOG<\/a>.<\/p>\n","protected":false},"excerpt":{"rendered":"<p>Mopek jest gatunkiem zwi\u0105zanym z terenami le\u015bnymi tzn. poluje oraz wybiera kryj\u00f3wki letnie, w tym schronienia kolonii rozrodczych, najcz\u0119\u015bciej w lasach. Kolonie rozrodcze zajmuj\u0105 na czas rozrodu szczeliny pod odstaj\u0105cymi p\u0142atami kory drzew, w sp\u0119kaniach pni lub ich rozwidleniach. Najcz\u0119\u015bciej lokalizowano schronienia mopk\u00f3w w drzewach o pier\u015bnicy 40 cm lub grubszych \u2013 g\u0142\u00f3wnie w d\u0119bach, &hellip; <\/p>\n<p class=\"link-more\"><a href=\"https:\/\/mopek.nietoperze.pl\/index.php\/mopek-zachodni\/gdzie-mieszka\/\" class=\"more-link\">Czytaj dalej<span class=\"screen-reader-text\"> \u201eGdzie mieszka?\u201d<\/span><\/a><\/p>\n","protected":false},"author":4,"featured_media":0,"parent":14,"menu_order":2,"comment_status":"closed","ping_status":"closed","template":"","meta":{"footnotes":""},"_links":{"self":[{"href":"https:\/\/mopek.nietoperze.pl\/index.php\/wp-json\/wp\/v2\/pages\/60"}],"collection":[{"href":"https:\/\/mopek.nietoperze.pl\/index.php\/wp-json\/wp\/v2\/pages"}],"about":[{"href":"https:\/\/mopek.nietoperze.pl\/index.php\/wp-json\/wp\/v2\/types\/page"}],"author":[{"embeddable":true,"href":"https:\/\/mopek.nietoperze.pl\/index.php\/wp-json\/wp\/v2\/users\/4"}],"replies":[{"embeddable":true,"href":"https:\/\/mopek.nietoperze.pl\/index.php\/wp-json\/wp\/v2\/comments?post=60"}],"version-history":[{"count":10,"href":"https:\/\/mopek.nietoperze.pl\/index.php\/wp-json\/wp\/v2\/pages\/60\/revisions"}],"predecessor-version":[{"id":342,"href":"https:\/\/mopek.nietoperze.pl\/index.php\/wp-json\/wp\/v2\/pages\/60\/revisions\/342"}],"up":[{"embeddable":true,"href":"https:\/\/mopek.nietoperze.pl\/index.php\/wp-json\/wp\/v2\/pages\/14"}],"wp:attachment":[{"href":"https:\/\/mopek.nietoperze.pl\/index.php\/wp-json\/wp\/v2\/media?parent=60"}],"curies":[{"name":"wp","href":"https:\/\/api.w.org\/{rel}","templated":true}]}}