{"id":62,"date":"2022-05-20T04:28:09","date_gmt":"2022-05-20T04:28:09","guid":{"rendered":"https:\/\/mopek.nietoperze.pl\/?page_id=62"},"modified":"2023-07-11T22:49:40","modified_gmt":"2023-07-11T22:49:40","slug":"gdzie-zimuje","status":"publish","type":"page","link":"https:\/\/mopek.nietoperze.pl\/index.php\/mopek-zachodni\/gdzie-zimuje\/","title":{"rendered":"Gdzie zimuje?"},"content":{"rendered":"\n<p>Mopek zachodni <strong>nale\u017cy do nietoperzy zimnolubnych<\/strong> (psychrofilnych), poniewa\u017c do hibernacji potrzebuje obiekt\u00f3w, w kt\u00f3rych utrzymuje si\u0119 temperatura w granicach od 0 do 5\u00b0C. Toleruje kilkudniowe spadki temperatury do -9\u00b0C zamarzaj\u0105c dopiero przy -16\u00b0C. Nie przeszkadzaj\u0105 mu niska wilgotno\u015b\u0107 i przeci\u0105gi. Takie warunki s\u0105 zbyt srogie dla wi\u0119kszo\u015bci naszych krajowych gatunk\u00f3w nietoperzy. Zdarza si\u0119, \u017ce osobniki tego gatunku wykorzystuj\u0105 szczeliny, nisze lub inne niewielkie otwory blisko wej\u015b\u0107 do zimowisk. Znajdowano je r\u00f3wnie\u017c zimuj\u0105ce w rozk\u0142adaj\u0105cych si\u0119, gnij\u0105cych pniach drzew i w dziuplach. Mopki zimuj\u0105 pojedynczo lub w grupach licz\u0105cych nawet do kilkuset osobnik\u00f3w. Zazwyczaj s\u0105 to jednogatunkowe skupiska, ale spotyka si\u0119 r\u00f3wnie\u017c mopki hibernuj\u0105ce z osobnikami innych gatunk\u00f3w np. gacek brunatny, karlik malutki, nocek Natterera i nocek rudy. Z obserwacji wynika, \u017ce pod wzgl\u0119dem wilgotno\u015bci powietrza w zimowisku mopek jest bardzo plastyczny, bowiem w jednych obiektach skupiaj\u0105cych wiele osobnik\u00f3w tego gatunku panuje du\u017ca wilgotno\u015bci wzgl\u0119dna (&gt; 80%) inne podziemia s\u0105 suche (wilgotno\u015bci wzgl\u0119dna &lt;60%). W czasie hibernacji osobniki trac\u0105 do 37% masy swojego cia\u0142a.<\/p>\n\n\n\n<p>Mopek zachodni <strong>zimuje g\u0142\u00f3wnie w r\u00f3\u017cnego rodzaju podziemnych obiektach<\/strong>. W Polsce s\u0105 to przede wszystkim r\u00f3\u017cnego typu fortyfikacje, schrony, kana\u0142y burzowe i zrzutowe, tunele kolejowe, piwnice, nieczynne zbiorniki na wod\u0119, a w g\u00f3rach i na wy\u017cynach sztolnie i jaskinie. Znacznie rzadziej stwierdzano zimuj\u0105ce osobniki w mostach, przepustach drogowych, studniach, naziemnych cz\u0119\u015bciach budynk\u00f3w, skrzynkach dla nietoperzy lub drzewach. Mopki s\u0105 przywi\u0105zane do swoich zimowisk. Nawet 85-90% doros\u0142ych osobnik\u00f3w powraca do tych samych schronie\u0144 z roku na rok, a wiedz\u0119 o odpowiednich do hibernacji obiektach przekazuj\u0105 sobie z pokolenia na pokolenie. Zimowiska wykorzystywane przez du\u017c\u0105 liczb\u0119 osobnik\u00f3w charakteryzuj\u0105 si\u0119 znaczn\u0105 kubatur\u0105. S\u0105 to obiekty wykonane w g\u0142\u00f3wnej mierze z betonu, rzadziej z cegie\u0142 czy kamienia. W zwi\u0105zku z post\u0119puj\u0105cym ociepleniem klimatu skutkuj\u0105cym coraz cieplejszymi zimami mopek zachodni opuszcza swoje dotychczasowe zimowiska, zw\u0142aszcza w zachodniej Polsce. Przenosi si\u0119 do ch\u0142odniejszych i s\u0142abiej izolowanych obiekt\u00f3w takich jak np. nieczynne tunele kolejowe np. w Kowarach lub schrony wolnostoj\u0105ce np. w Mi\u0119dzyrzeckim Rejonie Umocnionym. Na ni\u017cu bardzo ch\u0119tnie korzysta z wolnostoj\u0105cych przydomowych piwniczek, zw\u0142aszcza znajduj\u0105cych si\u0119 w pobli\u017cu teren\u00f3w le\u015bnych.<\/p>\n\n\n\n<figure class=\"wp-block-image size-large\"><img loading=\"lazy\" decoding=\"async\" width=\"1024\" height=\"768\" src=\"https:\/\/mopek.nietoperze.pl\/wp-content\/uploads\/2023\/07\/PXL_20230122_133451991-scaled-1-1024x768.jpg\" alt=\"\" class=\"wp-image-317\" srcset=\"https:\/\/mopek.nietoperze.pl\/wp-content\/uploads\/2023\/07\/PXL_20230122_133451991-scaled-1-1024x768.jpg 1024w, https:\/\/mopek.nietoperze.pl\/wp-content\/uploads\/2023\/07\/PXL_20230122_133451991-scaled-1-300x225.jpg 300w, https:\/\/mopek.nietoperze.pl\/wp-content\/uploads\/2023\/07\/PXL_20230122_133451991-scaled-1-768x576.jpg 768w, https:\/\/mopek.nietoperze.pl\/wp-content\/uploads\/2023\/07\/PXL_20230122_133451991-scaled-1-1536x1152.jpg 1536w, https:\/\/mopek.nietoperze.pl\/wp-content\/uploads\/2023\/07\/PXL_20230122_133451991-scaled-1-2048x1536.jpg 2048w\" sizes=\"(max-width: 767px) 89vw, (max-width: 1000px) 54vw, (max-width: 1071px) 543px, 580px\" \/><figcaption class=\"wp-element-caption\">Zimuj\u0105ce mopki (fot. B\u0142a\u017cej Wojtowicz)<\/figcaption><\/figure>\n\n\n\n<p>TAGI:\u00a0<a href=\"https:\/\/nietoperze.pl\/tag\/mopek-zachodni\/\">mopek zachodni<\/a>,\u00a0<a href=\"https:\/\/nietoperze.pl\/tag\/projekt-eog\/\" data-type=\"URL\" data-id=\"https:\/\/nietoperze.pl\/tag\/projekt-eog\/\">projekt EOG<\/a>.<\/p>\n","protected":false},"excerpt":{"rendered":"<p>Mopek zachodni nale\u017cy do nietoperzy zimnolubnych (psychrofilnych), poniewa\u017c do hibernacji potrzebuje obiekt\u00f3w, w kt\u00f3rych utrzymuje si\u0119 temperatura w granicach od 0 do 5\u00b0C. Toleruje kilkudniowe spadki temperatury do -9\u00b0C zamarzaj\u0105c dopiero przy -16\u00b0C. Nie przeszkadzaj\u0105 mu niska wilgotno\u015b\u0107 i przeci\u0105gi. Takie warunki s\u0105 zbyt srogie dla wi\u0119kszo\u015bci naszych krajowych gatunk\u00f3w nietoperzy. Zdarza si\u0119, \u017ce osobniki &hellip; <\/p>\n<p class=\"link-more\"><a href=\"https:\/\/mopek.nietoperze.pl\/index.php\/mopek-zachodni\/gdzie-zimuje\/\" class=\"more-link\">Czytaj dalej<span class=\"screen-reader-text\"> \u201eGdzie zimuje?\u201d<\/span><\/a><\/p>\n","protected":false},"author":4,"featured_media":0,"parent":14,"menu_order":4,"comment_status":"closed","ping_status":"closed","template":"","meta":{"footnotes":""},"_links":{"self":[{"href":"https:\/\/mopek.nietoperze.pl\/index.php\/wp-json\/wp\/v2\/pages\/62"}],"collection":[{"href":"https:\/\/mopek.nietoperze.pl\/index.php\/wp-json\/wp\/v2\/pages"}],"about":[{"href":"https:\/\/mopek.nietoperze.pl\/index.php\/wp-json\/wp\/v2\/types\/page"}],"author":[{"embeddable":true,"href":"https:\/\/mopek.nietoperze.pl\/index.php\/wp-json\/wp\/v2\/users\/4"}],"replies":[{"embeddable":true,"href":"https:\/\/mopek.nietoperze.pl\/index.php\/wp-json\/wp\/v2\/comments?post=62"}],"version-history":[{"count":5,"href":"https:\/\/mopek.nietoperze.pl\/index.php\/wp-json\/wp\/v2\/pages\/62\/revisions"}],"predecessor-version":[{"id":345,"href":"https:\/\/mopek.nietoperze.pl\/index.php\/wp-json\/wp\/v2\/pages\/62\/revisions\/345"}],"up":[{"embeddable":true,"href":"https:\/\/mopek.nietoperze.pl\/index.php\/wp-json\/wp\/v2\/pages\/14"}],"wp:attachment":[{"href":"https:\/\/mopek.nietoperze.pl\/index.php\/wp-json\/wp\/v2\/media?parent=62"}],"curies":[{"name":"wp","href":"https:\/\/api.w.org\/{rel}","templated":true}]}}