{"id":64,"date":"2022-05-20T04:29:59","date_gmt":"2022-05-20T04:29:59","guid":{"rendered":"https:\/\/mopek.nietoperze.pl\/?page_id=64"},"modified":"2023-07-11T22:48:27","modified_gmt":"2023-07-11T22:48:27","slug":"co-zjada","status":"publish","type":"page","link":"https:\/\/mopek.nietoperze.pl\/index.php\/mopek-zachodni\/co-zjada\/","title":{"rendered":"Co zjada?"},"content":{"rendered":"\n<p>Mopek zachodni jest nietoperzem bardzo silnie zwi\u0105zanym z lasami i je\u017celi znajduje optymalne dla siebie warunki, to w tych samych fragmentach lasu mo\u017ce zar\u00f3wno znajdowa\u0107 schronienia jak i miejsca \u017cerowania. Najlepsze warunki bytowania mopkom zapewniaj\u0105 <strong>stare lasy li\u015bciaste lub mieszane o charakterze naturalnym<\/strong> .&nbsp;W por\u00f3wnaniu z innymi nietoperzami, zamieszkuj\u0105cymi \u015brodkow\u0105 cz\u0119\u015b\u0107 Europy, mopek jest gatunkiem o bardzo ma\u0142o zr\u00f3\u017cnicowanym jad\u0142ospisie \u2013 jego ofiarami s\u0105 przede wszystkim <strong>motyle nocne<\/strong> (Lepidoptera), kt\u00f3rych udzia\u0142 w diecie przekracza 90%. Wysoka specjalizacja w polowaniu na \u0107my sta\u0142a si\u0119 mo\u017cliwa dzi\u0119ki stosowaniu przez mopki unikalnego systemu omijaj\u0105cego zabezpieczenia stosowane przez te owady, w postaci czego\u015b w rodzaju antyradaru (patrz rozdzia\u0142 2.2) . W odniesieniu do ciem, mopki s\u0105 oportunistami, wa\u017cniejsza dla nich jest biomasa owad\u00f3w ni\u017c r\u00f3\u017cnorodno\u015b\u0107 gatunk\u00f3w ofiar. W\u0105ska specjalizacja pokarmowa tego nietoperza jest zapewne przyczyn\u0105 znacznej plastyczno\u015bci w wyborze miejsc \u017cerowania \u2013 je\u015bli poluje si\u0119 tylko na konkretne kategorie ofiar, to trzeba ich poszukiwa\u0107, gdzie si\u0119 da. Przeprowadzone dotychczas badania z wykorzystaniem nadajnik\u00f3w radiotelemetrycznych sk\u0142aniaj\u0105 niekt\u00f3rych autor\u00f3w do uznawania mopka za <strong>specjalist\u0119 w kwestii \u201epolowania na granicach siedlisk\u201d<\/strong>. Rzeczywi\u015bcie, je\u015bli chodzi o miejsca, kt\u00f3rych gatunek ten unika podczas polowania, to w\u0142a\u015bciwie da si\u0119 wskaza\u0107 tylko otwarty teren, w tym wysoko nad powierzchni\u0105 pokrywy ro\u015blinnej oraz wn\u0119trze zwartych koron drzew czy krzew\u00f3w.<\/p>\n\n\n\n<figure class=\"wp-block-image size-large\"><img loading=\"lazy\" decoding=\"async\" width=\"683\" height=\"1024\" src=\"http:\/\/mopek.nietoperze.pl\/wp-content\/uploads\/2022\/05\/Bbar_15-683x1024.jpg\" alt=\"\" class=\"wp-image-48\" srcset=\"https:\/\/mopek.nietoperze.pl\/wp-content\/uploads\/2022\/05\/Bbar_15-683x1024.jpg 683w, https:\/\/mopek.nietoperze.pl\/wp-content\/uploads\/2022\/05\/Bbar_15-200x300.jpg 200w, https:\/\/mopek.nietoperze.pl\/wp-content\/uploads\/2022\/05\/Bbar_15-768x1152.jpg 768w, https:\/\/mopek.nietoperze.pl\/wp-content\/uploads\/2022\/05\/Bbar_15-1024x1536.jpg 1024w, https:\/\/mopek.nietoperze.pl\/wp-content\/uploads\/2022\/05\/Bbar_15-1365x2048.jpg 1365w, https:\/\/mopek.nietoperze.pl\/wp-content\/uploads\/2022\/05\/Bbar_15-scaled.jpg 1706w\" sizes=\"(max-width: 683px) 100vw, 683px\" \/><figcaption class=\"wp-element-caption\">Fot. B\u0142a\u017cej Wojtowicz<\/figcaption><\/figure>\n\n\n\n<p>TAGI:\u00a0<a href=\"https:\/\/nietoperze.pl\/tag\/mopek-zachodni\/\">mopek zachodni<\/a>,\u00a0<a href=\"https:\/\/nietoperze.pl\/tag\/projekt-eog\/\" data-type=\"URL\" data-id=\"https:\/\/nietoperze.pl\/tag\/projekt-eog\/\">projekt EOG<\/a>.<\/p>\n","protected":false},"excerpt":{"rendered":"<p>Mopek zachodni jest nietoperzem bardzo silnie zwi\u0105zanym z lasami i je\u017celi znajduje optymalne dla siebie warunki, to w tych samych fragmentach lasu mo\u017ce zar\u00f3wno znajdowa\u0107 schronienia jak i miejsca \u017cerowania. Najlepsze warunki bytowania mopkom zapewniaj\u0105 stare lasy li\u015bciaste lub mieszane o charakterze naturalnym .&nbsp;W por\u00f3wnaniu z innymi nietoperzami, zamieszkuj\u0105cymi \u015brodkow\u0105 cz\u0119\u015b\u0107 Europy, mopek jest gatunkiem &hellip; <\/p>\n<p class=\"link-more\"><a href=\"https:\/\/mopek.nietoperze.pl\/index.php\/mopek-zachodni\/co-zjada\/\" class=\"more-link\">Czytaj dalej<span class=\"screen-reader-text\"> \u201eCo zjada?\u201d<\/span><\/a><\/p>\n","protected":false},"author":4,"featured_media":0,"parent":14,"menu_order":3,"comment_status":"closed","ping_status":"closed","template":"","meta":{"footnotes":""},"_links":{"self":[{"href":"https:\/\/mopek.nietoperze.pl\/index.php\/wp-json\/wp\/v2\/pages\/64"}],"collection":[{"href":"https:\/\/mopek.nietoperze.pl\/index.php\/wp-json\/wp\/v2\/pages"}],"about":[{"href":"https:\/\/mopek.nietoperze.pl\/index.php\/wp-json\/wp\/v2\/types\/page"}],"author":[{"embeddable":true,"href":"https:\/\/mopek.nietoperze.pl\/index.php\/wp-json\/wp\/v2\/users\/4"}],"replies":[{"embeddable":true,"href":"https:\/\/mopek.nietoperze.pl\/index.php\/wp-json\/wp\/v2\/comments?post=64"}],"version-history":[{"count":6,"href":"https:\/\/mopek.nietoperze.pl\/index.php\/wp-json\/wp\/v2\/pages\/64\/revisions"}],"predecessor-version":[{"id":343,"href":"https:\/\/mopek.nietoperze.pl\/index.php\/wp-json\/wp\/v2\/pages\/64\/revisions\/343"}],"up":[{"embeddable":true,"href":"https:\/\/mopek.nietoperze.pl\/index.php\/wp-json\/wp\/v2\/pages\/14"}],"wp:attachment":[{"href":"https:\/\/mopek.nietoperze.pl\/index.php\/wp-json\/wp\/v2\/media?parent=64"}],"curies":[{"name":"wp","href":"https:\/\/api.w.org\/{rel}","templated":true}]}}