{"id":67,"date":"2022-05-20T04:31:49","date_gmt":"2022-05-20T04:31:49","guid":{"rendered":"https:\/\/mopek.nietoperze.pl\/?page_id=67"},"modified":"2025-09-24T11:22:42","modified_gmt":"2025-09-24T11:22:42","slug":"o-projekcie","status":"publish","type":"page","link":"https:\/\/mopek.nietoperze.pl\/index.php\/o-projekcie\/","title":{"rendered":"O projekcie"},"content":{"rendered":"\n<h2 class=\"wp-block-heading\">Podstawowe informacje<\/h2>\n\n\n\n<p class=\"has-black-color has-text-color\">Tytu\u0142 projektu: <strong>Czynna ochrona mopka zachodniego na wybranych obszarach le\u015bnych w Polsce<\/strong><\/p>\n\n\n\n<p>Wykonawca: Og\u00f3lnopolskie Towarzystwo Ochrony Nietoperzy<\/p>\n\n\n\n<p>Okres realizacji: 1.10.2021-30.04.2024<\/p>\n\n\n\n<p>Finansowanie: <strong><a href=\"https:\/\/eeagrants.org\/\" data-type=\"URL\" data-id=\"https:\/\/eeagrants.org\/\">Mechanizm Finansowy EOG<\/a><\/strong> 2014-2021, <strong>Bud\u017cet Pa\u0144stwa<\/strong> (za po\u015brednictwem <a href=\"https:\/\/www.gov.pl\/web\/nfosigw\" data-type=\"URL\" data-id=\"https:\/\/www.gov.pl\/web\/nfosigw\">Narodowego Funduszu Ochrony \u015arodowiska i Gospodarki Wodnej<\/a>) oraz \u015brodki w\u0142asne <strong>OTON<\/strong>.<\/p>\n\n\n\n<p><strong>Mechanizm Finansowy EOG<\/strong> to pomoc udzielana przez Pa\u0144stwa Darczy\u0144c\u00f3w, tj. Islandi\u0119, Liechtenstein i Norwegi\u0119. Stanowi wk\u0142ad Funduszy w osi\u0105ganie og\u00f3lnych cel\u00f3w, tj.: <br>a) przyczynianie si\u0119 do redukcji ekonomicznych oraz spo\u0142ecznych nier\u00f3wno\u015bci w ramach Europejskiego Obszaru Gospodarczego; <br>b) zacie\u015bnianie stosunk\u00f3w dwustronnych pomi\u0119dzy Pa\u0144stwami-Darczy\u0144cami a Pa\u0144stwami-Beneficjentami.<\/p>\n\n\n\n<figure class=\"wp-block-image size-full\"><img loading=\"lazy\" decoding=\"async\" width=\"437\" height=\"102\" src=\"https:\/\/mopek.nietoperze.pl\/wp-content\/uploads\/2023\/07\/3_logotypy.png\" alt=\"\" class=\"wp-image-290\" srcset=\"https:\/\/mopek.nietoperze.pl\/wp-content\/uploads\/2023\/07\/3_logotypy.png 437w, https:\/\/mopek.nietoperze.pl\/wp-content\/uploads\/2023\/07\/3_logotypy-300x70.png 300w\" sizes=\"(max-width: 437px) 100vw, 437px\" \/><\/figure>\n\n\n\n<figure class=\"wp-block-image size-full\"><img loading=\"lazy\" decoding=\"async\" width=\"211\" height=\"70\" src=\"http:\/\/mopek.nietoperze.pl\/wp-content\/uploads\/2024\/09\/logo_PL_male.png\" alt=\"\" class=\"wp-image-385\"\/><\/figure>\n\n\n\n<p>Bud\u017cet projektu: <strong>857.467,28 z\u0142<\/strong> (w tym: 655.692,45 z\u0142 &#8211; MF EOG, 115.758,09 z\u0142 &#8211; Bud\u017cet Pa\u0144stwa, 85.746,74 z\u0142 &#8211; OTON).<\/p>\n\n\n\n<p>Cel: g\u0142\u00f3wnym celem projektu by\u0142a poprawa warunk\u00f3w bytowania mopka zachodniego przez tworzenie sztucznych schronie\u0144 oraz uzupe\u0142nienie stanu wiedzy o aktywno\u015bci tego nietoperza w lasach, co stanowi wdra\u017canie plan\u00f3w zarz\u0105dzania obszarami chronionymi (10 obszar\u00f3w Natura 2000, jeden park narodowy i dwa parki krajobrazowe).<\/p>\n\n\n\n<h2 class=\"wp-block-heading\">Zadania projektu<\/h2>\n\n\n\n<p>Zadanie nr 1: <strong>Tworzenie sztucznych schronie\u0144 dla mopka<\/strong><\/p>\n\n\n\n<p>W ramach zadania wyprodukowane zosta\u0142o 1200 budek szczelinowych dla mopka na podstawie projektu opracowanego przez F. Greenaway w Anglii i skutecznie przetestowanych m.in. w Polsce. Budki zosta\u0142y przetransportowane, a nast\u0119pnie odpowiednio rozwieszone (pod nadzorem chiropterologa) w wytypowanych obszarach le\u015bnych (po 100 na jeden obszar) w pierwszym roku realizacji projektu. W kolejnych dw\u00f3ch latach projektu i po jego zako\u0144czeniu b\u0119dzie sprawdzana ich sprawno\u015b\u0107 i w miar\u0119 potrzeby b\u0119d\u0105 naprawiane i czyszczone.<\/p>\n\n\n\n<figure class=\"wp-block-image size-large\"><img loading=\"lazy\" decoding=\"async\" width=\"1024\" height=\"429\" src=\"http:\/\/mopek.nietoperze.pl\/wp-content\/uploads\/2022\/06\/20220601_130243-1024x429.jpg\" alt=\"\" class=\"wp-image-172\" srcset=\"https:\/\/mopek.nietoperze.pl\/wp-content\/uploads\/2022\/06\/20220601_130243-1024x429.jpg 1024w, https:\/\/mopek.nietoperze.pl\/wp-content\/uploads\/2022\/06\/20220601_130243-300x126.jpg 300w, https:\/\/mopek.nietoperze.pl\/wp-content\/uploads\/2022\/06\/20220601_130243-768x322.jpg 768w, https:\/\/mopek.nietoperze.pl\/wp-content\/uploads\/2022\/06\/20220601_130243-1536x644.jpg 1536w, https:\/\/mopek.nietoperze.pl\/wp-content\/uploads\/2022\/06\/20220601_130243-2048x859.jpg 2048w\" sizes=\"(max-width: 767px) 89vw, (max-width: 1000px) 54vw, (max-width: 1071px) 543px, 580px\" \/><figcaption class=\"wp-element-caption\">Budki szczelinowe dla mopk\u00f3w<\/figcaption><\/figure>\n\n\n\n<p>Zadanie nr 2: <strong>Monitoring zasiedlenia budek szczelinowych przez nietoperze<\/strong><\/p>\n\n\n\n<p>W drugim i trzecim roku realizacji projektu oraz co najmniej rok po jego zako\u0144czeniu sprawdzane jest zasiedlenie rozwieszonych budek przez mopki i inne gatunki nietoperzy. Kontrola przeprowadzane s\u0105 trzykrotnie w ci\u0105gu roku (wiosn\u0105, latem i jesieni\u0105). Zwi\u0105zane jest to z biologi\u0105 mopka, kt\u00f3ry w r\u00f3\u017cny spos\u00f3b korzysta z kryj\u00f3wek w r\u00f3\u017cnych sezonach. Wiosn\u0105 i jesieni\u0105 mog\u0105 to by\u0107 kwatery przej\u015bciowe podczas przelot\u00f3w na zimowiska, latem miejsca rozrodu i schronienia dzienne. Rozpoznanie to mo\u017ce by\u0107 wa\u017cne nie tylko dla okre\u015blenia skuteczno\u015bci podj\u0119tych dzia\u0142a\u0144, ale stworzy te\u017c ramy monitoringu dynamiki populacji gatunku, b\u0119d\u0105cego podstaw\u0105 dla dalszego planowania dzia\u0142a\u0144 ochronnych.<\/p>\n\n\n\n<p>Zadanie nr 3: <strong>Monitoring aktywno\u015bci mopk\u00f3w w lasach<\/strong><\/p>\n\n\n\n<p>W wytypowanych obszarach le\u015bnych prowadzony by\u0142 monitoring aktywno\u015bci mopk\u00f3w. Na wszystkich obszarach zastosowana zosta\u0142a metoda akustyczna, polegaj\u0105ca na nocnym rejestrowaniu d\u017awi\u0119k\u00f3w echolokacyjnych nietoperzy przy pomocy specjalnych detektor\u00f3w. Analiza nagra\u0144 umo\u017cliwi\u0142a rozpoznanie w\u015br\u00f3d zarejestrowanych d\u017awi\u0119k\u00f3w, tych kt\u00f3re nale\u017c\u0105 do mopk\u00f3w i okre\u015blenie liczby przelot\u00f3w nietoperzy tego gatunku w pobli\u017cu urz\u0105dzenia rejestruj\u0105cego. W ka\u017cdym obszarze rejestracja prowadzona by\u0142a za pomoc\u0105 5 detektor\u00f3w przez 5 nocy. Monitoring aktywno\u015bci nietoperzy prowadzony by\u0142 w lipcu, ka\u017cdego roku realizacji projektu i co najmniej rok po jego zako\u0144czeniu. W trzech obszarach le\u015bnych (po\u0142udniowo-zachodnia, centralna i p\u00f3\u0142nocno-wschodnia Polska) monitoring aktywno\u015bci rozszerzony zosta\u0142 o od\u0142owy nietoperzy w sieci chiropterologiczne. Pozwoli\u0142o to uzyska\u0107 dodatkowe informacje o kondycji nietoperzy, strukturze p\u0142ci i statusie rozrodczym.<\/p>\n\n\n<div class=\"wp-block-image\">\n<figure class=\"aligncenter size-large\"><img loading=\"lazy\" decoding=\"async\" width=\"480\" height=\"640\" src=\"https:\/\/mopek.nietoperze.pl\/wp-content\/uploads\/2022\/06\/image000000005.jpg\" alt=\"\" class=\"wp-image-189\" srcset=\"https:\/\/mopek.nietoperze.pl\/wp-content\/uploads\/2022\/06\/image000000005.jpg 480w, https:\/\/mopek.nietoperze.pl\/wp-content\/uploads\/2022\/06\/image000000005-225x300.jpg 225w\" sizes=\"(max-width: 480px) 100vw, 480px\" \/><figcaption class=\"wp-element-caption\"><em>Rejestrator LunaMoth zainstalowany w ramach monitoringu aktywno\u015bci (fot. Katarzyna Thor)<\/em><\/figcaption><\/figure><\/div>\n\n\n<p>Zadanie nr 4: <strong>Przygotowanie, opublikowanie i popularyzowanie poradnika<\/strong><\/p>\n\n\n\n<p>&#8222;Poradnik czynnej ochrony mopka zachodniego&#8221; przygotowany zosta\u0142 przez autor\u00f3w maj\u0105cych najwi\u0119ksz\u0105 wiedz\u0119 i do\u015bwiadczenie w tym zakresie w Polsce. Zawiera podstawowe informacje o biologii, wyst\u0119powaniu i zagro\u017ceniach dla tego gatunku oraz r\u00f3\u017cnych aspektach jego ochrony. W tym o zabezpieczaniu i adaptowaniu schronie\u0144 zimowych, tworzeniu sztucznych schronie\u0144 (budki szczelinowe), wymaganiach siedliskowych i sposobie prowadzenia gospodarki le\u015bnej zapewniaj\u0105cej mu lepsze warunki bytowania oraz aspektach zwi\u0105zanych z w\u0119dr\u00f3wkami sezonowymi. Poradnik jest bogato ilustrowany i napisany przyst\u0119pnym dla niespecjalist\u00f3w j\u0119zykiem. Jego wersja elektroniczna jest udost\u0119pniona bezp\u0142atnie na stronie projektu.<\/p>\n\n\n\n<p>Zadanie nr 5: <strong>Zarz\u0105dzanie projektem<\/strong><\/p>\n\n\n\n<p>Projektem zarz\u0105dza\u0142 Kierownik Projektu &#8211; Andrzej W\u0119giel, kt\u00f3ry by\u0142 zatrudniony przez Zarz\u0105d OTON. Zadaniem kierownika by\u0142o nadzorowanie w\u0142a\u015bciwej i terminowej realizacji wszystkich zada\u0144 projektu, wy\u0142anianie wykonawc\u00f3w zada\u0144 zleconych, zakupy sprz\u0119tu i materia\u0142\u00f3w, bezpo\u015bredni nadz\u00f3r nad dzia\u0142aniami informacyjno-edukacyjnymi, przygotowanie wniosk\u00f3w o p\u0142atno\u015b\u0107, sprawozda\u0144 merytorycznych i finansowych. Na poziomie regionalnym, dla ka\u017cdego z wybranych obszar\u00f3w wy\u0142oniony zosta\u0142 Koordynator Regionalny. Zadaniem Koordynator\u00f3w by\u0142o realizowanie i koordynowanie zada\u0144 dotycz\u0105cych pojedynczego obszaru, wykonywanie sprawozda\u0144 cz\u0105stkowych, wsp\u00f3\u0142praca z nadle\u015bnictwami, dyrekcjami park\u00f3w krajobrazowych i regionalnymi dyrekcjami ochrony \u015brodowiska.<\/p>\n\n\n\n<p>Zobacz: <a href=\"https:\/\/nietoperze.pl\/wyniki-pierwszego-etapu-realizacji-projektu-ochrony-mopka-dla-12-obszarow-lesnych-w-polsce\/\" data-type=\"URL\" data-id=\"https:\/\/nietoperze.pl\/wyniki-pierwszego-etapu-realizacji-projektu-ochrony-mopka-dla-12-obszarow-lesnych-w-polsce\/\">Wyniki pierwszego etapu realizacji projektu<\/a>.<\/p>\n\n\n\n<iframe src=\"https:\/\/www.google.com\/maps\/embed?pb=!4v1654940893497!6m8!1m7!1sCAoSLEFGMVFpcFAyUk9OS1pPdlRybmU1OHZrUjV6RWhpNWFZeTlnNWxLd1FLU1Ey!2m2!1d51.6306774!2d21.4274677!3f207.6200307828311!4f0!5f0.7820865974627469\" style=\"border:0;\" allowfullscreen=\"\" loading=\"lazy\" referrerpolicy=\"no-referrer-when-downgrade\" width=\"800\" height=\"600\"><\/iframe>\n\n\n\n<p class=\"has-small-font-size\"><em>Powy\u017cej zdj\u0119cie sferyczne z jednego z punkt\u00f3w wieszania skrzynek szczelinowych w Puszczy Kozienickiej w ramach projektu. Na zdj\u0119ciu wida\u0107 5 skrzynek rozwieszonych w grupie w odleg\u0142o\u015bci oko\u0142o 20 metr\u00f3w od siebie (aby obraca\u0107 obraz kliknij myszk\u0105 i przytrzymaj lewy przycisk)<\/em><\/p>\n\n\n\n<p>Efektem projektu jest poprawa stanu ochrony oraz wiedzy na temat populacji mopka zachodniego oraz wdro\u017cenie plan\u00f3w zarz\u0105dzania 12 obszarami chronionymi w zakresie dotycz\u0105cym mopka. Efektem dodatkowym jest zapewnienie kryj\u00f3wek innym gatunkom nietoperzy, kt\u00f3re te\u017c korzystaj\u0105 z budek szczelinowych.<\/p>\n\n\n\n<p>Potrzeba realizacji projektu wynika z Dyrektywy Siedliskowej (Dyrektywa Rady 92\/43\/EWG), Konwencji o ochronie gatunk\u00f3w dzikiej flory i fauny europejskiej oraz ich siedlisk (Konwencja Berne\u0144ska), Konwencji o ochronie w\u0119drownych gatunk\u00f3w dzikich zwierz\u0105t (Konwencja Bo\u0144ska), Porozumienia o ochronie populacji europejskich nietoperzy.<\/p>\n\n\n\n<p>W projekcie ochrony mopka bior\u0105 udzia\u0142 przyrodnicy i naukowcy dzia\u0142aj\u0105cy w Og\u00f3lnopolskim Towarzystwie Ochrony Nietoperzy w tym z: Uniwersytetu Przyrodniczego w Poznaniu, Uniwersytetu Wroc\u0142awskiego, Uniwersytetu \u0141\u00f3dzkiego, Instytutu Biologii Ssak\u00f3w Polskiej Akademii Nauk w Bia\u0142owie\u017cy, Szko\u0142y G\u0142\u00f3wnej Gospodarstwa Wiejskiego, Instytutu Nauk Biologicznych Uniwersytetu Kardyna\u0142a Stefana Wyszy\u0144skiego w Warszawie, Uniwersytetu Zielonog\u00f3rskiego.<\/p>\n\n\n\n<h2 class=\"wp-block-heading\">Obszar dzia\u0142ania<\/h2>\n\n\n\n<p>Projekt realizowany by\u0142 na terenie 12 wybranych obszar\u00f3w le\u015bnych: Nadle\u015bnictwo Kozienice (PLH140035 \u201ePuszcza Kozienicka\u201d), Nadle\u015bnictwo Wo\u0142\u00f3w (PLH020002 \u201eD\u0119bnia\u0144skie Mokrad\u0142a\u201d i PLH020003 \u201eDolina \u0141achy\u201d), Nadle\u015bnictwo Hajn\u00f3wka (PLC200004 \u201ePuszcza Bia\u0142owieska\u201d), Nadle\u015bnictwo Wali\u0142y (PLH200006 \u201eOstoja Knyszy\u0144ska\u201d), Nadle\u015bnictwo Borki i Nadle\u015bnictwo Srokowo (PLH280004 \u201eMamerki\u201d, PLH280004 \u201eGier\u0142o\u017c\u201d), Nadle\u015bnictwo Tomasz\u00f3w (PLH060093 \u201eUroczyska Roztocza Wschodniego\u201d), Nadle\u015bnictwo Spa\u0142a (PLH100003 \u201eLasy Spalskie\u201d), Nadle\u015bnictwo \u015awidnica (PLH020071 \u201eOstoja Nietoperzy G\u00f3r Sowich\u201d), Nadle\u015bnictwo Krzystkowice (PLH080024 \u201eMopkowy Tunel ko\u0142o Krzystkowic\u201d), Kampinoski Park Narodowy, Nadle\u015bnictwo Skierniewice (Bolimowski Park Krajobrazowy), Nadle\u015bnictwo \u0141opuch\u00f3wko (Park Krajobrazowy Puszcza Zielonka). Wi\u0119kszo\u015b\u0107 obszar\u00f3w znajduje si\u0119 w granicach Natura 2000 (\u017c\u00f3\u0142te znaczniki na mapie).<\/p>\n\n\n\n<p>MAPA<br><em>(klikaj\u0105c w wybrany punkt pojawi si\u0119 nazwa obszaru)<\/em><\/p>\n\n\n\n<iframe loading=\"lazy\" src=\"https:\/\/www.google.com\/maps\/d\/u\/2\/embed?mid=1xJNdqWFTJAcwuNEAk9NLAhEcUKBTY27y&amp;ehbc=2E312F\" width=\"700\" height=\"550\"><\/iframe>\n\n\n\n<h2 class=\"wp-block-heading\">Wsp\u00f3\u0142praca<\/h2>\n\n\n\n<p>Jednostki wsp\u00f3\u0142pracuj\u0105ce przy realizacji projektu:<\/p>\n\n\n\n<ul>\n<li>Kampinoski Park Narodowy<\/li>\n\n\n\n<li>Bolimowski Park Krajobrazowy<\/li>\n\n\n\n<li>Park Krajobrazowy Puszcza Zielonka<\/li>\n\n\n\n<li>Nadle\u015bnictwo Kozienice<\/li>\n\n\n\n<li>Nadle\u015bnictwo Wo\u0142\u00f3w<\/li>\n\n\n\n<li>Nadle\u015bnictwo Hajn\u00f3wka<\/li>\n\n\n\n<li>Nadle\u015bnictwo Wali\u0142y<\/li>\n\n\n\n<li>Nadle\u015bnictwo Borki, Nadle\u015bnictwo Srokowo<\/li>\n\n\n\n<li>Nadle\u015bnictwo Tomasz\u00f3w<\/li>\n\n\n\n<li>Nadle\u015bnictwo Spa\u0142a<\/li>\n\n\n\n<li>Nadle\u015bnictwo \u015awidnica<\/li>\n\n\n\n<li>Nadle\u015bnictwo Krzystkowice<\/li>\n\n\n\n<li>Kampinoski Park Narodowy<\/li>\n\n\n\n<li>Nadle\u015bnictwo Skierniewice<\/li>\n\n\n\n<li>Nadle\u015bnictwo \u0141opuch\u00f3wko<\/li>\n<\/ul>\n\n\n\n<h2 class=\"wp-block-heading\">Dodatkowe informacje<\/h2>\n\n\n\n<p>Wpisy w kategorii: <a href=\"https:\/\/nietoperze.pl\/category\/projekty\/\" data-type=\"URL\" data-id=\"https:\/\/nietoperze.pl\/category\/projekty\/\">projekty<\/a><\/p>\n\n\n\n<p>TAG: <a href=\"https:\/\/nietoperze.pl\/tag\/mopek-zachodni\/\" data-type=\"URL\" data-id=\"https:\/\/nietoperze.pl\/tag\/mopek-zachodni\/\">mopek zachodni<\/a>, <a href=\"https:\/\/nietoperze.pl\/tag\/projekt-eog\/\" data-type=\"URL\" data-id=\"https:\/\/nietoperze.pl\/tag\/projekt-eog\/\">projekt EOG<\/a><\/p>\n","protected":false},"excerpt":{"rendered":"<p>Podstawowe informacje Tytu\u0142 projektu: Czynna ochrona mopka zachodniego na wybranych obszarach le\u015bnych w Polsce Wykonawca: Og\u00f3lnopolskie Towarzystwo Ochrony Nietoperzy Okres realizacji: 1.10.2021-30.04.2024 Finansowanie: Mechanizm Finansowy EOG 2014-2021, Bud\u017cet Pa\u0144stwa (za po\u015brednictwem Narodowego Funduszu Ochrony \u015arodowiska i Gospodarki Wodnej) oraz \u015brodki w\u0142asne OTON. Mechanizm Finansowy EOG to pomoc udzielana przez Pa\u0144stwa Darczy\u0144c\u00f3w, tj. Islandi\u0119, Liechtenstein i &hellip; <\/p>\n<p class=\"link-more\"><a href=\"https:\/\/mopek.nietoperze.pl\/index.php\/o-projekcie\/\" class=\"more-link\">Czytaj dalej<span class=\"screen-reader-text\"> \u201eO projekcie\u201d<\/span><\/a><\/p>\n","protected":false},"author":1,"featured_media":0,"parent":0,"menu_order":0,"comment_status":"closed","ping_status":"closed","template":"","meta":{"footnotes":""},"_links":{"self":[{"href":"https:\/\/mopek.nietoperze.pl\/index.php\/wp-json\/wp\/v2\/pages\/67"}],"collection":[{"href":"https:\/\/mopek.nietoperze.pl\/index.php\/wp-json\/wp\/v2\/pages"}],"about":[{"href":"https:\/\/mopek.nietoperze.pl\/index.php\/wp-json\/wp\/v2\/types\/page"}],"author":[{"embeddable":true,"href":"https:\/\/mopek.nietoperze.pl\/index.php\/wp-json\/wp\/v2\/users\/1"}],"replies":[{"embeddable":true,"href":"https:\/\/mopek.nietoperze.pl\/index.php\/wp-json\/wp\/v2\/comments?post=67"}],"version-history":[{"count":24,"href":"https:\/\/mopek.nietoperze.pl\/index.php\/wp-json\/wp\/v2\/pages\/67\/revisions"}],"predecessor-version":[{"id":392,"href":"https:\/\/mopek.nietoperze.pl\/index.php\/wp-json\/wp\/v2\/pages\/67\/revisions\/392"}],"wp:attachment":[{"href":"https:\/\/mopek.nietoperze.pl\/index.php\/wp-json\/wp\/v2\/media?parent=67"}],"curies":[{"name":"wp","href":"https:\/\/api.w.org\/{rel}","templated":true}]}}