{"id":85,"date":"2022-05-20T13:49:42","date_gmt":"2022-05-20T13:49:42","guid":{"rendered":"https:\/\/mopek.nietoperze.pl\/?page_id=85"},"modified":"2023-11-09T18:42:40","modified_gmt":"2023-11-09T18:42:40","slug":"wydawnictwa","status":"publish","type":"page","link":"https:\/\/mopek.nietoperze.pl\/index.php\/dzialania-informacyjne\/wydawnictwa\/","title":{"rendered":"Wydawnictwa"},"content":{"rendered":"\n<h2 class=\"wp-block-heading\">Poradnik ochrony mopka<\/h2>\n\n\n\n<p>Tytu\u0142: <strong>Mopek zachodni <em>Barbastella barbastellus<\/em> &#8211; biologia i ochrona gatunku<\/strong><br>Autorzy: Iwona Gottfried, Grzegorz B\u0142achowski, Maciej Fuszara, Tomasz Gottfried, Adam Olszewski, B\u0142a\u017cej Wojtowicz, Andrzej W\u0119giel<\/p>\n\n\n\n<figure class=\"wp-block-image size-full\"><img loading=\"lazy\" decoding=\"async\" width=\"635\" height=\"899\" src=\"https:\/\/mopek.nietoperze.pl\/wp-content\/uploads\/2023\/11\/okladka.png\" alt=\"\" class=\"wp-image-364\" srcset=\"https:\/\/mopek.nietoperze.pl\/wp-content\/uploads\/2023\/11\/okladka.png 635w, https:\/\/mopek.nietoperze.pl\/wp-content\/uploads\/2023\/11\/okladka-212x300.png 212w\" sizes=\"(max-width: 635px) 100vw, 635px\" \/><\/figure>\n\n\n\n<p>Do pobrania na stronie <a href=\"https:\/\/doi.org\/10.17306\/978-83-67112-62-8\" data-type=\"URL\" data-id=\"https:\/\/doi.org\/10.17306\/978-83-67112-62-8\">Wydawnictwa<\/a><\/p>\n\n\n\n<h2 class=\"wp-block-heading\">Tablica edukacyjna<\/h2>\n\n\n\n<figure class=\"wp-block-image size-large\"><img loading=\"lazy\" decoding=\"async\" width=\"1024\" height=\"717\" src=\"https:\/\/mopek.nietoperze.pl\/wp-content\/uploads\/2023\/07\/tablica_mala-1024x717.jpg\" alt=\"\" class=\"wp-image-356\" srcset=\"https:\/\/mopek.nietoperze.pl\/wp-content\/uploads\/2023\/07\/tablica_mala-1024x717.jpg 1024w, https:\/\/mopek.nietoperze.pl\/wp-content\/uploads\/2023\/07\/tablica_mala-300x210.jpg 300w, https:\/\/mopek.nietoperze.pl\/wp-content\/uploads\/2023\/07\/tablica_mala-768x538.jpg 768w, https:\/\/mopek.nietoperze.pl\/wp-content\/uploads\/2023\/07\/tablica_mala-1536x1076.jpg 1536w, https:\/\/mopek.nietoperze.pl\/wp-content\/uploads\/2023\/07\/tablica_mala.jpg 1575w\" sizes=\"(max-width: 767px) 89vw, (max-width: 1000px) 54vw, (max-width: 1071px) 543px, 580px\" \/><\/figure>\n\n\n\n<h2 class=\"wp-block-heading\">Zak\u0142adki<\/h2>\n\n\n\n<figure class=\"wp-block-image size-large\"><img loading=\"lazy\" decoding=\"async\" width=\"1024\" height=\"450\" src=\"https:\/\/mopek.nietoperze.pl\/wp-content\/uploads\/2023\/07\/zakladki-1024x450.jpg\" alt=\"\" class=\"wp-image-329\" srcset=\"https:\/\/mopek.nietoperze.pl\/wp-content\/uploads\/2023\/07\/zakladki-1024x450.jpg 1024w, https:\/\/mopek.nietoperze.pl\/wp-content\/uploads\/2023\/07\/zakladki-300x132.jpg 300w, https:\/\/mopek.nietoperze.pl\/wp-content\/uploads\/2023\/07\/zakladki-768x338.jpg 768w, https:\/\/mopek.nietoperze.pl\/wp-content\/uploads\/2023\/07\/zakladki.jpg 1515w\" sizes=\"(max-width: 767px) 89vw, (max-width: 1000px) 54vw, (max-width: 1071px) 543px, 580px\" \/><\/figure>\n\n\n\n<h2 class=\"wp-block-heading\">Magnesy i nalepki<\/h2>\n\n\n\n<figure class=\"wp-block-image size-large\"><img loading=\"lazy\" decoding=\"async\" width=\"1024\" height=\"371\" src=\"https:\/\/mopek.nietoperze.pl\/wp-content\/uploads\/2023\/08\/magnesy-1024x371.jpg\" alt=\"\" class=\"wp-image-360\" srcset=\"https:\/\/mopek.nietoperze.pl\/wp-content\/uploads\/2023\/08\/magnesy-1024x371.jpg 1024w, https:\/\/mopek.nietoperze.pl\/wp-content\/uploads\/2023\/08\/magnesy-300x109.jpg 300w, https:\/\/mopek.nietoperze.pl\/wp-content\/uploads\/2023\/08\/magnesy-768x278.jpg 768w, https:\/\/mopek.nietoperze.pl\/wp-content\/uploads\/2023\/08\/magnesy.jpg 1246w\" sizes=\"(max-width: 767px) 89vw, (max-width: 1000px) 54vw, (max-width: 1071px) 543px, 580px\" \/><\/figure>\n","protected":false},"excerpt":{"rendered":"<p>Poradnik ochrony mopka Tytu\u0142: Mopek zachodni Barbastella barbastellus &#8211; biologia i ochrona gatunkuAutorzy: Iwona Gottfried, Grzegorz B\u0142achowski, Maciej Fuszara, Tomasz Gottfried, Adam Olszewski, B\u0142a\u017cej Wojtowicz, Andrzej W\u0119giel Do pobrania na stronie Wydawnictwa Tablica edukacyjna Zak\u0142adki Magnesy i nalepki<\/p>\n","protected":false},"author":1,"featured_media":0,"parent":87,"menu_order":1,"comment_status":"closed","ping_status":"closed","template":"","meta":{"footnotes":""},"_links":{"self":[{"href":"https:\/\/mopek.nietoperze.pl\/index.php\/wp-json\/wp\/v2\/pages\/85"}],"collection":[{"href":"https:\/\/mopek.nietoperze.pl\/index.php\/wp-json\/wp\/v2\/pages"}],"about":[{"href":"https:\/\/mopek.nietoperze.pl\/index.php\/wp-json\/wp\/v2\/types\/page"}],"author":[{"embeddable":true,"href":"https:\/\/mopek.nietoperze.pl\/index.php\/wp-json\/wp\/v2\/users\/1"}],"replies":[{"embeddable":true,"href":"https:\/\/mopek.nietoperze.pl\/index.php\/wp-json\/wp\/v2\/comments?post=85"}],"version-history":[{"count":6,"href":"https:\/\/mopek.nietoperze.pl\/index.php\/wp-json\/wp\/v2\/pages\/85\/revisions"}],"predecessor-version":[{"id":366,"href":"https:\/\/mopek.nietoperze.pl\/index.php\/wp-json\/wp\/v2\/pages\/85\/revisions\/366"}],"up":[{"embeddable":true,"href":"https:\/\/mopek.nietoperze.pl\/index.php\/wp-json\/wp\/v2\/pages\/87"}],"wp:attachment":[{"href":"https:\/\/mopek.nietoperze.pl\/index.php\/wp-json\/wp\/v2\/media?parent=85"}],"curies":[{"name":"wp","href":"https:\/\/api.w.org\/{rel}","templated":true}]}}